{"id":861,"date":"2019-07-07T20:05:53","date_gmt":"2019-07-07T18:05:53","guid":{"rendered":"https:\/\/imagenab.wpengine.com\/produkt\/xylaktas-30-tablettia\/"},"modified":"2025-05-29T07:40:56","modified_gmt":"2025-05-29T05:40:56","slug":"xylaktas-30-tablettia-ny","status":"publish","type":"product","link":"https:\/\/imagen.se\/fi\/Produkt_fi\/xylaktas-30-tablettia-ny\/","title":{"rendered":"Xylaktas, 30 tablettia"},"content":{"rendered":"<p><span class=\"tlid-translation translation\" lang=\"fi\"><strong>Kuinka Xylaktas toimii?<\/strong><\/span><\/p>\n<p>Kun aloitat Xylaktasin k\u00e4yt\u00f6n, ota kaksi tablettia (samaan aikaan) p\u00e4iv\u00e4ss\u00e4 kahden p\u00e4iv\u00e4n ajan. T\u00e4m\u00e4 muodostaa oikean m\u00e4\u00e4r\u00e4n laktoosia pilkkovaa bakteerikantaa suolistoon. Kolmannesta p\u00e4iv\u00e4st\u00e4 l\u00e4htien otat yhden tai kaksi tablettia p\u00e4iv\u00e4ss\u00e4 ja k\u00e4yt\u00e4t tavallisia maitotuotteita. Suurimmalle osalle (95% +) tarvitaan vain yksi tabletti p\u00e4iv\u00e4ss\u00e4 riippumatta maitotuotteiden kulutuksesta.<br \/>\nJos sinulla on nopea aineenvaihdunta, voit ottaa yhden tabletin aamulla ja yhden iltap\u00e4iv\u00e4ll\u00e4tai illalla. Bakteerit aktivoituvat ohutsuolessa ja pilkkovat suuret m\u00e4\u00e4r\u00e4t laktoosia kaikesta, mit\u00e4 sy\u00f6t koko p\u00e4iv\u00e4n!<\/p>\n<p><strong>Raskaana tai imet\u00e4t?<\/strong><\/p>\n<p>Xylaktasin hy\u00f6dyllinen bakteerikanta pysyy ruuansulatuksessa, mit\u00e4\u00e4n ei siirry siki\u00f6lle tai rintamaitoon. Kiinnit\u00e4 huomiota allergiavaroituksiin ja sis\u00e4llysluetteloon.<\/p>\n<p><strong>Ainesosat:<\/strong><br \/>\nXylitoli, Bacillus Coagulans laktoosia pilkkovaa bakteerikantaa, laktaasientsyymi 4500 FCC, steariinihappo, luonnollinen mansikkamaku, magnesiumstearaatti, piidioksidi, punajuurimehu, sitruunahappo.<\/p>\n<p>Xylaktas on laktoosi-, gluteeni-, maitoproteiini- ja soijaton!<\/p>\n<p>Xylaktas on ravintolis\u00e4 laktoosi-intoleranssista k\u00e4rsiville.<\/p>\n<p>Ravintolis\u00e4t eiv\u00e4t kokonaan tai osittain korvaa monipuolista ruokavaliota, terveellisi\u00e4 el\u00e4m\u00e4ntapoja tai l\u00e4\u00e4k\u00e4reiden m\u00e4\u00e4r\u00e4\u00e4mi\u00e4 valmisteita.<\/p>\n","protected":false},"excerpt":{"rendered":"<h2>Kuvaus<\/h2>\n<p>Xylaktas on uusi versio Prolaktasista, nyt viel\u00e4 enemm\u00e4n laktoosia pilkkovaa vaikutusta, v\u00e4hemm\u00e4n allergeeneja ja yksinkertaisempi muoto!<br \/>\n<span class=\"\" title=\"\">Yksi tabletti p\u00e4iv\u00e4ss\u00e4 pilkkoo maitosokerin kaikesta, mit\u00e4 sy\u00f6t ja juot, koko p\u00e4iv\u00e4n.<\/span><\/p>\n","protected":false},"featured_media":179443,"comment_status":"open","ping_status":"closed","template":"","meta":[],"product_brand":[],"product_cat":[97],"product_tag":[102,101,96,100,98,99],"class_list":{"0":"post-861","1":"product","2":"type-product","3":"status-publish","4":"has-post-thumbnail","6":"product_cat-xylaktas-fi","7":"product_tag-imagen-fi","8":"product_tag-ja-paiva","9":"product_tag-laktoosi","10":"product_tag-laktoosi-intoleranssi","11":"product_tag-prolaktas-fi","12":"product_tag-xylaktas-fi","14":"first","15":"instock","16":"taxable","17":"shipping-taxable","18":"purchasable","19":"product-type-simple"},"yoast_head":"<!-- This site is optimized with the Yoast SEO plugin v25.2 - https:\/\/yoast.com\/wordpress\/plugins\/seo\/ -->\n<title>Xylaktas, 30 tablettia - iMagen<\/title>\n<meta name=\"robots\" content=\"index, follow, max-snippet:-1, max-image-preview:large, max-video-preview:-1\" \/>\n<link rel=\"canonical\" href=\"https:\/\/imagen.se\/fi\/Produkt_fi\/xylaktas-30-tablettia-ny\/\" \/>\n<meta property=\"og:locale\" content=\"fi_FI\" \/>\n<meta property=\"og:type\" content=\"article\" \/>\n<meta property=\"og:title\" content=\"Xylaktas, 30 tablettia - iMagen\" \/>\n<meta property=\"og:description\" content=\"Kuvaus Xylaktas on uusi versio Prolaktasista, nyt viel\u00e4 enemm\u00e4n laktoosia pilkkovaa vaikutusta, v\u00e4hemm\u00e4n allergeeneja ja yksinkertaisempi muoto! Yksi tabletti p\u00e4iv\u00e4ss\u00e4 pilkkoo maitosokerin kaikesta, mit\u00e4 sy\u00f6t ja juot, koko p\u00e4iv\u00e4n.\" \/>\n<meta property=\"og:url\" content=\"https:\/\/imagen.se\/fi\/Produkt_fi\/xylaktas-30-tablettia-ny\/\" \/>\n<meta property=\"og:site_name\" content=\"iMagen\" \/>\n<meta property=\"article:modified_time\" content=\"2025-05-29T05:40:56+00:00\" \/>\n<meta property=\"og:image\" content=\"https:\/\/imagen.se\/wp-content\/uploads\/2019\/07\/Xylaktas_Product.jpg\" \/>\n\t<meta property=\"og:image:width\" content=\"666\" \/>\n\t<meta property=\"og:image:height\" content=\"666\" \/>\n\t<meta property=\"og:image:type\" content=\"image\/jpeg\" \/>\n<meta name=\"twitter:card\" content=\"summary_large_image\" \/>\n<meta name=\"twitter:label1\" content=\"Arvioitu lukuaika\" \/>\n\t<meta name=\"twitter:data1\" content=\"1 minuutti\" \/>\n<script type=\"application\/ld+json\" class=\"yoast-schema-graph\">{\"@context\":\"https:\/\/schema.org\",\"@graph\":[{\"@type\":\"WebPage\",\"@id\":\"https:\/\/imagen.se\/fi\/Produkt_fi\/xylaktas-30-tablettia-ny\/\",\"url\":\"https:\/\/imagen.se\/fi\/Produkt_fi\/xylaktas-30-tablettia-ny\/\",\"name\":\"Xylaktas, 30 tablettia - iMagen\",\"isPartOf\":{\"@id\":\"https:\/\/imagen.se\/#website\"},\"primaryImageOfPage\":{\"@id\":\"https:\/\/imagen.se\/fi\/Produkt_fi\/xylaktas-30-tablettia-ny\/#primaryimage\"},\"image\":{\"@id\":\"https:\/\/imagen.se\/fi\/Produkt_fi\/xylaktas-30-tablettia-ny\/#primaryimage\"},\"thumbnailUrl\":\"https:\/\/imagen.se\/wp-content\/uploads\/2025\/05\/nya-ladfronten-fresh.jpg\",\"datePublished\":\"2019-07-07T18:05:53+00:00\",\"dateModified\":\"2025-05-29T05:40:56+00:00\",\"breadcrumb\":{\"@id\":\"https:\/\/imagen.se\/fi\/Produkt_fi\/xylaktas-30-tablettia-ny\/#breadcrumb\"},\"inLanguage\":\"fi\",\"potentialAction\":[{\"@type\":\"ReadAction\",\"target\":[\"https:\/\/imagen.se\/fi\/Produkt_fi\/xylaktas-30-tablettia-ny\/\"]}]},{\"@type\":\"ImageObject\",\"inLanguage\":\"fi\",\"@id\":\"https:\/\/imagen.se\/fi\/Produkt_fi\/xylaktas-30-tablettia-ny\/#primaryimage\",\"url\":\"https:\/\/imagen.se\/wp-content\/uploads\/2025\/05\/nya-ladfronten-fresh.jpg\",\"contentUrl\":\"https:\/\/imagen.se\/wp-content\/uploads\/2025\/05\/nya-ladfronten-fresh.jpg\",\"width\":483,\"height\":696},{\"@type\":\"BreadcrumbList\",\"@id\":\"https:\/\/imagen.se\/fi\/Produkt_fi\/xylaktas-30-tablettia-ny\/#breadcrumb\",\"itemListElement\":[{\"@type\":\"ListItem\",\"position\":1,\"name\":\"Hem\",\"item\":\"https:\/\/imagen.se\/fi\/\"},{\"@type\":\"ListItem\",\"position\":2,\"name\":\"Kauppa\",\"item\":\"https:\/\/imagen.se\/fi\/myymala\/\"},{\"@type\":\"ListItem\",\"position\":3,\"name\":\"Xylaktas, 30 tablettia\"}]},{\"@type\":\"WebSite\",\"@id\":\"https:\/\/imagen.se\/#website\",\"url\":\"https:\/\/imagen.se\/\",\"name\":\"iMagen\",\"description\":\"V\u00e4lkommen till iMagen AB!\",\"publisher\":{\"@id\":\"https:\/\/imagen.se\/#organization\"},\"potentialAction\":[{\"@type\":\"SearchAction\",\"target\":{\"@type\":\"EntryPoint\",\"urlTemplate\":\"https:\/\/imagen.se\/?s={search_term_string}\"},\"query-input\":{\"@type\":\"PropertyValueSpecification\",\"valueRequired\":true,\"valueName\":\"search_term_string\"}}],\"inLanguage\":\"fi\"},{\"@type\":\"Organization\",\"@id\":\"https:\/\/imagen.se\/#organization\",\"name\":\"iMagen\",\"url\":\"https:\/\/imagen.se\/\",\"logo\":{\"@type\":\"ImageObject\",\"inLanguage\":\"fi\",\"@id\":\"https:\/\/imagen.se\/#\/schema\/logo\/image\/\",\"url\":\"https:\/\/imagen.se\/wp-content\/uploads\/2019\/11\/imagenlogo.png\",\"contentUrl\":\"https:\/\/imagen.se\/wp-content\/uploads\/2019\/11\/imagenlogo.png\",\"width\":313,\"height\":102,\"caption\":\"iMagen\"},\"image\":{\"@id\":\"https:\/\/imagen.se\/#\/schema\/logo\/image\/\"}}]}<\/script>\n<!-- \/ Yoast SEO plugin. -->","yoast_head_json":{"title":"Xylaktas, 30 tablettia - iMagen","robots":{"index":"index","follow":"follow","max-snippet":"max-snippet:-1","max-image-preview":"max-image-preview:large","max-video-preview":"max-video-preview:-1"},"canonical":"https:\/\/imagen.se\/fi\/Produkt_fi\/xylaktas-30-tablettia-ny\/","og_locale":"fi_FI","og_type":"article","og_title":"Xylaktas, 30 tablettia - iMagen","og_description":"Kuvaus Xylaktas on uusi versio Prolaktasista, nyt viel\u00e4 enemm\u00e4n laktoosia pilkkovaa vaikutusta, v\u00e4hemm\u00e4n allergeeneja ja yksinkertaisempi muoto! Yksi tabletti p\u00e4iv\u00e4ss\u00e4 pilkkoo maitosokerin kaikesta, mit\u00e4 sy\u00f6t ja juot, koko p\u00e4iv\u00e4n.","og_url":"https:\/\/imagen.se\/fi\/Produkt_fi\/xylaktas-30-tablettia-ny\/","og_site_name":"iMagen","article_modified_time":"2025-05-29T05:40:56+00:00","og_image":[{"width":666,"height":666,"url":"https:\/\/imagen.se\/wp-content\/uploads\/2019\/07\/Xylaktas_Product.jpg","type":"image\/jpeg"}],"twitter_card":"summary_large_image","twitter_misc":{"Arvioitu lukuaika":"1 minuutti"},"schema":{"@context":"https:\/\/schema.org","@graph":[{"@type":"WebPage","@id":"https:\/\/imagen.se\/fi\/Produkt_fi\/xylaktas-30-tablettia-ny\/","url":"https:\/\/imagen.se\/fi\/Produkt_fi\/xylaktas-30-tablettia-ny\/","name":"Xylaktas, 30 tablettia - iMagen","isPartOf":{"@id":"https:\/\/imagen.se\/#website"},"primaryImageOfPage":{"@id":"https:\/\/imagen.se\/fi\/Produkt_fi\/xylaktas-30-tablettia-ny\/#primaryimage"},"image":{"@id":"https:\/\/imagen.se\/fi\/Produkt_fi\/xylaktas-30-tablettia-ny\/#primaryimage"},"thumbnailUrl":"https:\/\/imagen.se\/wp-content\/uploads\/2025\/05\/nya-ladfronten-fresh.jpg","datePublished":"2019-07-07T18:05:53+00:00","dateModified":"2025-05-29T05:40:56+00:00","breadcrumb":{"@id":"https:\/\/imagen.se\/fi\/Produkt_fi\/xylaktas-30-tablettia-ny\/#breadcrumb"},"inLanguage":"fi","potentialAction":[{"@type":"ReadAction","target":["https:\/\/imagen.se\/fi\/Produkt_fi\/xylaktas-30-tablettia-ny\/"]}]},{"@type":"ImageObject","inLanguage":"fi","@id":"https:\/\/imagen.se\/fi\/Produkt_fi\/xylaktas-30-tablettia-ny\/#primaryimage","url":"https:\/\/imagen.se\/wp-content\/uploads\/2025\/05\/nya-ladfronten-fresh.jpg","contentUrl":"https:\/\/imagen.se\/wp-content\/uploads\/2025\/05\/nya-ladfronten-fresh.jpg","width":483,"height":696},{"@type":"BreadcrumbList","@id":"https:\/\/imagen.se\/fi\/Produkt_fi\/xylaktas-30-tablettia-ny\/#breadcrumb","itemListElement":[{"@type":"ListItem","position":1,"name":"Hem","item":"https:\/\/imagen.se\/fi\/"},{"@type":"ListItem","position":2,"name":"Kauppa","item":"https:\/\/imagen.se\/fi\/myymala\/"},{"@type":"ListItem","position":3,"name":"Xylaktas, 30 tablettia"}]},{"@type":"WebSite","@id":"https:\/\/imagen.se\/#website","url":"https:\/\/imagen.se\/","name":"iMagen","description":"V\u00e4lkommen till iMagen AB!","publisher":{"@id":"https:\/\/imagen.se\/#organization"},"potentialAction":[{"@type":"SearchAction","target":{"@type":"EntryPoint","urlTemplate":"https:\/\/imagen.se\/?s={search_term_string}"},"query-input":{"@type":"PropertyValueSpecification","valueRequired":true,"valueName":"search_term_string"}}],"inLanguage":"fi"},{"@type":"Organization","@id":"https:\/\/imagen.se\/#organization","name":"iMagen","url":"https:\/\/imagen.se\/","logo":{"@type":"ImageObject","inLanguage":"fi","@id":"https:\/\/imagen.se\/#\/schema\/logo\/image\/","url":"https:\/\/imagen.se\/wp-content\/uploads\/2019\/11\/imagenlogo.png","contentUrl":"https:\/\/imagen.se\/wp-content\/uploads\/2019\/11\/imagenlogo.png","width":313,"height":102,"caption":"iMagen"},"image":{"@id":"https:\/\/imagen.se\/#\/schema\/logo\/image\/"}}]}},"_links":{"self":[{"href":"https:\/\/imagen.se\/fi\/wp-json\/wp\/v2\/product\/861","targetHints":{"allow":["GET"]}}],"collection":[{"href":"https:\/\/imagen.se\/fi\/wp-json\/wp\/v2\/product"}],"about":[{"href":"https:\/\/imagen.se\/fi\/wp-json\/wp\/v2\/types\/product"}],"replies":[{"embeddable":true,"href":"https:\/\/imagen.se\/fi\/wp-json\/wp\/v2\/comments?post=861"}],"wp:featuredmedia":[{"embeddable":true,"href":"https:\/\/imagen.se\/fi\/wp-json\/wp\/v2\/media\/179443"}],"wp:attachment":[{"href":"https:\/\/imagen.se\/fi\/wp-json\/wp\/v2\/media?parent=861"}],"wp:term":[{"taxonomy":"product_brand","embeddable":true,"href":"https:\/\/imagen.se\/fi\/wp-json\/wp\/v2\/product_brand?post=861"},{"taxonomy":"product_cat","embeddable":true,"href":"https:\/\/imagen.se\/fi\/wp-json\/wp\/v2\/product_cat?post=861"},{"taxonomy":"product_tag","embeddable":true,"href":"https:\/\/imagen.se\/fi\/wp-json\/wp\/v2\/product_tag?post=861"}],"curies":[{"name":"wp","href":"https:\/\/api.w.org\/{rel}","templated":true}]}}