{"id":886,"date":"2019-09-04T15:39:07","date_gmt":"2019-09-04T13:39:07","guid":{"rendered":"https:\/\/imagenab.wpengine.com\/ota-yhteytta\/"},"modified":"2025-05-29T14:06:13","modified_gmt":"2025-05-29T12:06:13","slug":"ota-yhteytta","status":"publish","type":"page","link":"https:\/\/imagen.se\/fi\/ota-yhteytta\/","title":{"rendered":"Ota yhteytt\u00e4"},"content":{"rendered":"  <div id=\"page-header-342323160\" class=\"page-header-wrapper\">\n  <div class=\"page-title light simple-title\">\n\n    \n    <div class=\"page-title-inner container align-center flex-row medium-flex-wrap row-reverse\" >\n            <div class=\"title-content flex-col flex-left text-left medium-text-center\">\n        <div class=\"title-breadcrumbs pb-half pt-half\"><nav class=\"woocommerce-breadcrumb breadcrumbs uppercase\">Etusivu<\/nav><\/div>      <\/div>\n    <\/div>\n\n     \n<style>\n#page-header-342323160 .title-bg {\n  background-position: 57% 60%;\n}\n<\/style>\n  <\/div>\n    <\/div>\n  \n\n<div class=\"is-divider divider clearfix\" style=\"max-width:0px;height:2px;\"><\/div>\n\n<div class=\"row\"  id=\"row-164024400\">\n\n\n\t<div id=\"col-437073550\" class=\"col medium-6 small-12 large-6\"  >\n\t\t\t\t<div class=\"col-inner\"  >\n\t\t\t\n\t\t\t\n\n<p>Huomioi ett\u00e4 t\u00e4t\u00e4 lomaketta ei tule k\u00e4ytt\u00e4\u00e4 tilausten tekemiseen.<\/p>\n\n<div class=\"wpcf7 no-js\" id=\"wpcf7-f888-o1\" lang=\"sv-SE\" dir=\"ltr\" data-wpcf7-id=\"888\">\n<div class=\"screen-reader-response\"><p role=\"status\" aria-live=\"polite\" aria-atomic=\"true\"><\/p> <ul><\/ul><\/div>\n<form action=\"\/fi\/wp-json\/wp\/v2\/pages\/886#wpcf7-f888-o1\" method=\"post\" class=\"wpcf7-form init\" aria-label=\"Kontaktformul\u00e4r\" novalidate=\"novalidate\" data-status=\"init\">\n<div style=\"display: none;\">\n<input type=\"hidden\" name=\"_wpcf7\" value=\"888\" \/>\n<input type=\"hidden\" name=\"_wpcf7_version\" value=\"6.0.6\" \/>\n<input type=\"hidden\" name=\"_wpcf7_locale\" value=\"sv_SE\" \/>\n<input type=\"hidden\" name=\"_wpcf7_unit_tag\" value=\"wpcf7-f888-o1\" \/>\n<input type=\"hidden\" name=\"_wpcf7_container_post\" value=\"0\" \/>\n<input type=\"hidden\" name=\"_wpcf7_posted_data_hash\" value=\"\" \/>\n<\/div>\n<p><label> Nimi *<br \/>\n<span class=\"wpcf7-form-control-wrap\" data-name=\"your-name\"><input size=\"40\" maxlength=\"400\" class=\"wpcf7-form-control wpcf7-text wpcf7-validates-as-required\" aria-required=\"true\" aria-invalid=\"false\" value=\"\" type=\"text\" name=\"your-name\" \/><\/span> <\/label>\n<\/p>\n<p><label> Sinun s-posti *<br \/>\n<span class=\"wpcf7-form-control-wrap\" data-name=\"your-email\"><input size=\"40\" maxlength=\"400\" class=\"wpcf7-form-control wpcf7-email wpcf7-validates-as-required wpcf7-text wpcf7-validates-as-email\" aria-required=\"true\" aria-invalid=\"false\" value=\"\" type=\"email\" name=\"your-email\" \/><\/span> <\/label>\n<\/p>\n<p><label> Aihe *<br \/>\n<span class=\"wpcf7-form-control-wrap\" data-name=\"your-subject\"><input size=\"40\" maxlength=\"400\" class=\"wpcf7-form-control wpcf7-text wpcf7-validates-as-required\" aria-required=\"true\" aria-invalid=\"false\" value=\"\" type=\"text\" name=\"your-subject\" \/><\/span> <\/label>\n<\/p>\n<p><label> Viesti<br \/>\n<span class=\"wpcf7-form-control-wrap\" data-name=\"your-message\"><textarea cols=\"40\" rows=\"10\" maxlength=\"2000\" class=\"wpcf7-form-control wpcf7-textarea\" aria-invalid=\"false\" name=\"your-message\"><\/textarea><\/span> <\/label>\n<\/p>\n<p><input class=\"wpcf7-form-control wpcf7-submit has-spinner\" type=\"submit\" value=\"L\u00e4het\u00e4\" \/>\n<\/p><p style=\"display: none !important;\" class=\"akismet-fields-container\" data-prefix=\"_wpcf7_ak_\"><label>&#916;<textarea name=\"_wpcf7_ak_hp_textarea\" cols=\"45\" rows=\"8\" maxlength=\"100\"><\/textarea><\/label><input type=\"hidden\" id=\"ak_js_1\" name=\"_wpcf7_ak_js\" value=\"0\"\/><script>document.getElementById( \"ak_js_1\" ).setAttribute( \"value\", ( new Date() ).getTime() );<\/script><\/p><div class=\"wpcf7-response-output\" aria-hidden=\"true\"><\/div>\n<\/form>\n<\/div>\n\n\n\n\t\t<\/div>\n\t\t\t\t\t<\/div>\n\n\t\n\n\t<div id=\"col-485137218\" class=\"col medium-6 small-12 large-6\"  >\n\t\t\t\t<div class=\"col-inner\"  >\n\t\t\t\n\t\t\t\n\n<h4 style=\"text-align: left;\">iMagen AB<br class=\"\" \/>Lau Liffride 129<br class=\"\" \/>SE- 623 62 Ljugarn<\/h4>\n<p>Sposti: info@imagen.se (Tuotetiedustelut sek\u00e4 tilaukset)<\/p>\n<p>Puhelin:+46 (0)498 652700 Arkisin 9-15, ruotsiksi ja englanniksi<\/p>\n<p>Bankkisiirto nro (ruotsissa): 649-8844<\/p>\n<p>Yritysnro. SE556809-528401<br \/>Paikka: Gotland<\/p>\n\n\t\t<\/div>\n\t\t\t\t\t<\/div>\n\n\t\n\n<\/div>","protected":false},"excerpt":{"rendered":"","protected":false},"author":1,"featured_media":0,"parent":0,"menu_order":0,"comment_status":"closed","ping_status":"closed","template":"page-blank.php","meta":{"footnotes":""},"class_list":["post-886","page","type-page","status-publish","hentry"],"yoast_head":"<!-- This site is optimized with the Yoast SEO plugin v25.2 - https:\/\/yoast.com\/wordpress\/plugins\/seo\/ -->\n<title>Ota yhteytt\u00e4 - iMagen<\/title>\n<meta name=\"robots\" content=\"index, follow, max-snippet:-1, max-image-preview:large, max-video-preview:-1\" \/>\n<link rel=\"canonical\" href=\"https:\/\/imagen.se\/fi\/ota-yhteytta\/\" \/>\n<meta property=\"og:locale\" content=\"fi_FI\" \/>\n<meta property=\"og:type\" content=\"article\" \/>\n<meta property=\"og:title\" content=\"Ota yhteytt\u00e4 - iMagen\" \/>\n<meta property=\"og:url\" content=\"https:\/\/imagen.se\/fi\/ota-yhteytta\/\" \/>\n<meta property=\"og:site_name\" content=\"iMagen\" \/>\n<meta property=\"article:modified_time\" content=\"2025-05-29T12:06:13+00:00\" \/>\n<meta name=\"twitter:card\" content=\"summary_large_image\" \/>\n<script type=\"application\/ld+json\" class=\"yoast-schema-graph\">{\"@context\":\"https:\/\/schema.org\",\"@graph\":[{\"@type\":\"WebPage\",\"@id\":\"https:\/\/imagen.se\/fi\/ota-yhteytta\/\",\"url\":\"https:\/\/imagen.se\/fi\/ota-yhteytta\/\",\"name\":\"Ota yhteytt\u00e4 - iMagen\",\"isPartOf\":{\"@id\":\"https:\/\/imagen.se\/#website\"},\"datePublished\":\"2019-09-04T13:39:07+00:00\",\"dateModified\":\"2025-05-29T12:06:13+00:00\",\"breadcrumb\":{\"@id\":\"https:\/\/imagen.se\/fi\/ota-yhteytta\/#breadcrumb\"},\"inLanguage\":\"fi\",\"potentialAction\":[{\"@type\":\"ReadAction\",\"target\":[\"https:\/\/imagen.se\/fi\/ota-yhteytta\/\"]}]},{\"@type\":\"BreadcrumbList\",\"@id\":\"https:\/\/imagen.se\/fi\/ota-yhteytta\/#breadcrumb\",\"itemListElement\":[{\"@type\":\"ListItem\",\"position\":1,\"name\":\"Hem\",\"item\":\"https:\/\/imagen.se\/fi\/\"},{\"@type\":\"ListItem\",\"position\":2,\"name\":\"Ota yhteytt\u00e4\"}]},{\"@type\":\"WebSite\",\"@id\":\"https:\/\/imagen.se\/#website\",\"url\":\"https:\/\/imagen.se\/\",\"name\":\"iMagen\",\"description\":\"V\u00e4lkommen till iMagen AB!\",\"publisher\":{\"@id\":\"https:\/\/imagen.se\/#organization\"},\"potentialAction\":[{\"@type\":\"SearchAction\",\"target\":{\"@type\":\"EntryPoint\",\"urlTemplate\":\"https:\/\/imagen.se\/?s={search_term_string}\"},\"query-input\":{\"@type\":\"PropertyValueSpecification\",\"valueRequired\":true,\"valueName\":\"search_term_string\"}}],\"inLanguage\":\"fi\"},{\"@type\":\"Organization\",\"@id\":\"https:\/\/imagen.se\/#organization\",\"name\":\"iMagen\",\"url\":\"https:\/\/imagen.se\/\",\"logo\":{\"@type\":\"ImageObject\",\"inLanguage\":\"fi\",\"@id\":\"https:\/\/imagen.se\/#\/schema\/logo\/image\/\",\"url\":\"https:\/\/imagen.se\/wp-content\/uploads\/2019\/11\/imagenlogo.png\",\"contentUrl\":\"https:\/\/imagen.se\/wp-content\/uploads\/2019\/11\/imagenlogo.png\",\"width\":313,\"height\":102,\"caption\":\"iMagen\"},\"image\":{\"@id\":\"https:\/\/imagen.se\/#\/schema\/logo\/image\/\"}}]}<\/script>\n<!-- \/ Yoast SEO plugin. -->","yoast_head_json":{"title":"Ota yhteytt\u00e4 - iMagen","robots":{"index":"index","follow":"follow","max-snippet":"max-snippet:-1","max-image-preview":"max-image-preview:large","max-video-preview":"max-video-preview:-1"},"canonical":"https:\/\/imagen.se\/fi\/ota-yhteytta\/","og_locale":"fi_FI","og_type":"article","og_title":"Ota yhteytt\u00e4 - iMagen","og_url":"https:\/\/imagen.se\/fi\/ota-yhteytta\/","og_site_name":"iMagen","article_modified_time":"2025-05-29T12:06:13+00:00","twitter_card":"summary_large_image","schema":{"@context":"https:\/\/schema.org","@graph":[{"@type":"WebPage","@id":"https:\/\/imagen.se\/fi\/ota-yhteytta\/","url":"https:\/\/imagen.se\/fi\/ota-yhteytta\/","name":"Ota yhteytt\u00e4 - iMagen","isPartOf":{"@id":"https:\/\/imagen.se\/#website"},"datePublished":"2019-09-04T13:39:07+00:00","dateModified":"2025-05-29T12:06:13+00:00","breadcrumb":{"@id":"https:\/\/imagen.se\/fi\/ota-yhteytta\/#breadcrumb"},"inLanguage":"fi","potentialAction":[{"@type":"ReadAction","target":["https:\/\/imagen.se\/fi\/ota-yhteytta\/"]}]},{"@type":"BreadcrumbList","@id":"https:\/\/imagen.se\/fi\/ota-yhteytta\/#breadcrumb","itemListElement":[{"@type":"ListItem","position":1,"name":"Hem","item":"https:\/\/imagen.se\/fi\/"},{"@type":"ListItem","position":2,"name":"Ota yhteytt\u00e4"}]},{"@type":"WebSite","@id":"https:\/\/imagen.se\/#website","url":"https:\/\/imagen.se\/","name":"iMagen","description":"V\u00e4lkommen till iMagen AB!","publisher":{"@id":"https:\/\/imagen.se\/#organization"},"potentialAction":[{"@type":"SearchAction","target":{"@type":"EntryPoint","urlTemplate":"https:\/\/imagen.se\/?s={search_term_string}"},"query-input":{"@type":"PropertyValueSpecification","valueRequired":true,"valueName":"search_term_string"}}],"inLanguage":"fi"},{"@type":"Organization","@id":"https:\/\/imagen.se\/#organization","name":"iMagen","url":"https:\/\/imagen.se\/","logo":{"@type":"ImageObject","inLanguage":"fi","@id":"https:\/\/imagen.se\/#\/schema\/logo\/image\/","url":"https:\/\/imagen.se\/wp-content\/uploads\/2019\/11\/imagenlogo.png","contentUrl":"https:\/\/imagen.se\/wp-content\/uploads\/2019\/11\/imagenlogo.png","width":313,"height":102,"caption":"iMagen"},"image":{"@id":"https:\/\/imagen.se\/#\/schema\/logo\/image\/"}}]}},"_links":{"self":[{"href":"https:\/\/imagen.se\/fi\/wp-json\/wp\/v2\/pages\/886","targetHints":{"allow":["GET"]}}],"collection":[{"href":"https:\/\/imagen.se\/fi\/wp-json\/wp\/v2\/pages"}],"about":[{"href":"https:\/\/imagen.se\/fi\/wp-json\/wp\/v2\/types\/page"}],"author":[{"embeddable":true,"href":"https:\/\/imagen.se\/fi\/wp-json\/wp\/v2\/users\/1"}],"replies":[{"embeddable":true,"href":"https:\/\/imagen.se\/fi\/wp-json\/wp\/v2\/comments?post=886"}],"version-history":[{"count":0,"href":"https:\/\/imagen.se\/fi\/wp-json\/wp\/v2\/pages\/886\/revisions"}],"wp:attachment":[{"href":"https:\/\/imagen.se\/fi\/wp-json\/wp\/v2\/media?parent=886"}],"curies":[{"name":"wp","href":"https:\/\/api.w.org\/{rel}","templated":true}]}}