{"id":880,"date":"2019-09-04T15:34:53","date_gmt":"2019-09-04T13:34:53","guid":{"rendered":"https:\/\/imagenab.wpengine.com\/yksityisyyden-suoja\/"},"modified":"2025-05-31T22:10:06","modified_gmt":"2025-05-31T20:10:06","slug":"yksityisyyden-suoja","status":"publish","type":"page","link":"https:\/\/imagen.se\/fi\/yksityisyyden-suoja\/","title":{"rendered":"Tietosujak\u00e4yt\u00e4nt\u00f6 GDPR"},"content":{"rendered":"  <div id=\"page-header-972723406\" class=\"page-header-wrapper\">\n  <div class=\"page-title light simple-title\">\n\n    \n    <div class=\"page-title-inner container align-center flex-row medium-flex-wrap row-reverse\" >\n            <div class=\"title-content flex-col flex-left text-left medium-text-center\">\n        <div class=\"title-breadcrumbs pb-half pt-half\"><nav class=\"woocommerce-breadcrumb breadcrumbs uppercase\">Etusivu<\/nav><\/div>      <\/div>\n    <\/div>\n\n     \n<style>\n#page-header-972723406 .title-bg {\n  background-position: 57% 60%;\n}\n<\/style>\n  <\/div>\n    <\/div>\n  \n\n<div class=\"row\"  id=\"row-730030456\">\n\n\n\t<div id=\"col-499159803\" class=\"col medium-9 small-12 large-9\"  >\n\t\t\t\t<div class=\"col-inner\"  >\n\t\t\t\n\t\t\t\n\n<div class=\"flex_column av_one_halfflex_column_div firstavia-builder-el-2el_before_av_one_halfavia-builder-el-first\">\n<section class=\"av_textblock_section \">\n<div class=\"avia_textblock\">\n<div id=\"Content\">\n<div class=\"boxed\">\n<div id=\"lipsum\">\n<p data-start=\"81\" data-end=\"182\"><strong data-start=\"81\" data-end=\"110\">Tietosuojak\u00e4yt\u00e4nt\u00f6 (GDPR)<\/strong><br data-start=\"110\" data-end=\"113\" \/><em data-start=\"113\" data-end=\"137\">Soveltuu iMagen AB:hen<\/em><br data-start=\"137\" data-end=\"140\" \/><em data-start=\"140\" data-end=\"182\">Viimeksi p\u00e4ivitetty: 24. huhtikuuta 2025<\/em><\/p>\n<p data-start=\"184\" data-end=\"258\"><span class=\"relative -mx-px my-&#091;-0.2rem&#093; rounded px-px py-&#091;0.2rem&#093; transition-colors duration-100 ease-in-out\">iMagenissa arvostamme yksityisyytt\u00e4si ja noudatamme EU:n yleist\u00e4 tietosuoja-asetusta (GDPR). T\u00e4m\u00e4 k\u00e4yt\u00e4nt\u00f6 selitt\u00e4\u00e4, kuinka ker\u00e4\u00e4mme, k\u00e4yt\u00e4mme, s\u00e4ilyt\u00e4mme ja suojaamme henkil\u00f6tietojasi, kun ostat meilt\u00e4 verkkokaupassamme, joka toimii WordPressin ja WooCommercen avulla, ja k\u00e4yt\u00e4t maksupalveluntarjoajana Qliroa.<\/span><\/p>\n<hr data-start=\"260\" data-end=\"263\" \/>\n<h3 data-start=\"265\" data-end=\"297\">1. Kuka on rekisterinpit\u00e4j\u00e4?<\/h3>\n<p data-start=\"299\" data-end=\"463\"><strong data-start=\"299\" data-end=\"310\">Yritys:<\/strong> iMagen AB<br data-start=\"320\" data-end=\"323\" \/><strong data-start=\"323\" data-end=\"336\">Y-tunnus:<\/strong> 556809-5284<br data-start=\"348\" data-end=\"351\" \/><strong data-start=\"351\" data-end=\"362\">Osoite:<\/strong> Lau Liffride 129, SE-62362 Ljugarn<br data-start=\"397\" data-end=\"400\" \/><strong data-start=\"400\" data-end=\"415\">S\u00e4hk\u00f6posti:<\/strong> <a class=\"cursor-pointer\" rel=\"noopener\" data-start=\"416\" data-end=\"430\">info@imagen.se<\/a><br data-start=\"430\" data-end=\"433\" \/><strong data-start=\"433\" data-end=\"445\">Puhelin:<\/strong> +(46) 0498-652700<\/p>\n<hr data-start=\"465\" data-end=\"468\" \/>\n<h3 data-start=\"470\" data-end=\"506\">2. Mit\u00e4 henkil\u00f6tietoja ker\u00e4\u00e4mme?<\/h3>\n<p data-start=\"508\" data-end=\"552\">Kun ostat meilt\u00e4, ker\u00e4\u00e4mme seuraavat tiedot:<\/p>\n<ul data-start=\"554\" data-end=\"745\">\n<li data-start=\"554\" data-end=\"562\">\n<p data-start=\"556\" data-end=\"562\">Nimi<\/p>\n<\/li>\n<li data-start=\"563\" data-end=\"573\">\n<p data-start=\"565\" data-end=\"573\">Osoite<\/p>\n<\/li>\n<li data-start=\"574\" data-end=\"591\">\n<p data-start=\"576\" data-end=\"591\">Puhelinnumero<\/p>\n<\/li>\n<li data-start=\"592\" data-end=\"612\">\n<p data-start=\"594\" data-end=\"612\">S\u00e4hk\u00f6postiosoite<\/p>\n<\/li>\n<li data-start=\"613\" data-end=\"641\">\n<p data-start=\"615\" data-end=\"641\">IP-osoite ja laitetiedot<\/p>\n<\/li>\n<li data-start=\"642\" data-end=\"669\">\n<p data-start=\"644\" data-end=\"669\">Tilaus- ja ostohistoria<\/p>\n<\/li>\n<li data-start=\"670\" data-end=\"745\">\n<p data-start=\"672\" data-end=\"745\">Maksutiedot Qliro:n kautta (Huom: Emme k\u00e4sittele suoraan korttitietoja)<\/p>\n<\/li>\n<\/ul>\n<p data-start=\"747\" data-end=\"895\">\ud83d\uded2 WooCommerce ker\u00e4\u00e4 tietoja, jotka liittyv\u00e4t tilauksiin ja asiakastileihin.<br data-start=\"823\" data-end=\"826\" \/>\ud83d\udcb3 Qliro k\u00e4sittelee maksutietoja ja on t\u00e4m\u00e4n tiedon rekisterinpit\u00e4j\u00e4.<\/p>\n<hr data-start=\"897\" data-end=\"900\" \/>\n<h3 data-start=\"902\" data-end=\"941\">3. Mihin k\u00e4yt\u00e4mme henkil\u00f6tietojasi?<\/h3>\n<p data-start=\"943\" data-end=\"991\">K\u00e4sittelemme tietojasi seuraaviin tarkoituksiin:<\/p>\n<ul data-start=\"993\" data-end=\"1296\">\n<li data-start=\"993\" data-end=\"1028\">\n<p data-start=\"995\" data-end=\"1028\">Tilaustesi hallinta ja toimitus<\/p>\n<\/li>\n<li data-start=\"1029\" data-end=\"1063\">\n<p data-start=\"1031\" data-end=\"1063\">Yhteydenpito tilauksesi osalta<\/p>\n<\/li>\n<li data-start=\"1064\" data-end=\"1106\">\n<p data-start=\"1066\" data-end=\"1106\">Tilaus- ja toimitustiedon l\u00e4hett\u00e4minen<\/p>\n<\/li>\n<li data-start=\"1107\" data-end=\"1148\">\n<p data-start=\"1109\" data-end=\"1148\">Maksujen suorittaminen Qliro:n kautta<\/p>\n<\/li>\n<li data-start=\"1149\" data-end=\"1176\">\n<p data-start=\"1151\" data-end=\"1176\">Asiakastuen tarjoaminen<\/p>\n<\/li>\n<li data-start=\"1177\" data-end=\"1231\">\n<p data-start=\"1179\" data-end=\"1231\">Verkkosivustomme ja asiakaskokemuksen parantaminen<\/p>\n<\/li>\n<li data-start=\"1232\" data-end=\"1296\">\n<p data-start=\"1234\" data-end=\"1296\">Lakis\u00e4\u00e4teisten velvoitteiden t\u00e4ytt\u00e4minen, kuten kirjanpitolaki<\/p>\n<\/li>\n<\/ul>\n<hr data-start=\"1298\" data-end=\"1301\" \/>\n<h3 data-start=\"1303\" data-end=\"1344\">4. Oikeudellinen peruste k\u00e4sittelylle<\/h3>\n<p data-start=\"1346\" data-end=\"1416\">K\u00e4sittelemme henkil\u00f6tietojasi seuraavilla oikeudellisilla perusteilla:<\/p>\n<ul data-start=\"1418\" data-end=\"1651\">\n<li data-start=\"1418\" data-end=\"1472\">\n<p data-start=\"1420\" data-end=\"1472\"><strong data-start=\"1420\" data-end=\"1447\">Sopimuksen t\u00e4ytt\u00e4minen:<\/strong> Toimitamme tilauksesi.<\/p>\n<\/li>\n<li data-start=\"1473\" data-end=\"1531\">\n<p data-start=\"1475\" data-end=\"1531\"><strong data-start=\"1475\" data-end=\"1502\">Lakis\u00e4\u00e4teinen velvoite:<\/strong> Kirjanpito ja raportointi.<\/p>\n<\/li>\n<li data-start=\"1532\" data-end=\"1576\">\n<p data-start=\"1534\" data-end=\"1576\"><strong data-start=\"1534\" data-end=\"1548\">Suostumus:<\/strong> Esimerkiksi uutiskirjeet.<\/p>\n<\/li>\n<li data-start=\"1577\" data-end=\"1651\">\n<p data-start=\"1579\" data-end=\"1651\"><strong data-start=\"1579\" data-end=\"1598\">Oikeutettu etu:<\/strong> Asiakaspalvelu, analyysi ja palvelujen parantaminen.<\/p>\n<\/li>\n<\/ul>\n<hr data-start=\"1653\" data-end=\"1656\" \/>\n<h3 data-start=\"1658\" data-end=\"1714\">5. Kolmannet osapuolet, joiden kanssa jaamme tietoja<\/h3>\n<p data-start=\"1716\" data-end=\"1794\">Jaamme henkil\u00f6tietojasi vain luotettujen osapuolten kanssa, kun se on tarpeen:<\/p>\n<div class=\"_tableContainer_16hzy_1\">\n<div class=\"_tableWrapper_16hzy_14 group flex w-fit flex-col-reverse\" tabindex=\"-1\">\n<table class=\"w-fit min-w-(--thread-content-width)\" data-start=\"1796\" data-end=\"2647\">\n<thead data-start=\"1796\" data-end=\"1890\">\n<tr data-start=\"1796\" data-end=\"1890\">\n<th data-start=\"1796\" data-end=\"1828\" data-col-size=\"md\">Kolmas osapuoli<\/th>\n<th data-start=\"1828\" data-end=\"1864\" data-col-size=\"md\">Tarkoitus<\/th>\n<th data-start=\"1864\" data-end=\"1874\" data-col-size=\"sm\">Maa<\/th>\n<th data-start=\"1874\" data-end=\"1890\" data-col-size=\"md\">GDPR-suojaus<\/th>\n<\/tr>\n<\/thead>\n<tbody data-start=\"1986\" data-end=\"2647\">\n<tr data-start=\"1986\" data-end=\"2080\">\n<td data-start=\"1986\" data-end=\"2018\" data-col-size=\"md\">Qliro<\/td>\n<td data-col-size=\"md\" data-start=\"2018\" data-end=\"2054\">Maksaminen ja luottotarkistus<\/td>\n<td data-col-size=\"sm\" data-start=\"2054\" data-end=\"2064\">Ruotsi<\/td>\n<td data-col-size=\"md\" data-start=\"2064\" data-end=\"2080\">Kyll\u00e4<\/td>\n<\/tr>\n<tr data-start=\"2081\" data-end=\"2216\">\n<td data-start=\"2081\" data-end=\"2113\" data-col-size=\"md\">WooCommerce<\/td>\n<td data-col-size=\"md\" data-start=\"2113\" data-end=\"2151\">Verkkokaupan ja ostoskorin hallinta<\/td>\n<td data-col-size=\"sm\" data-start=\"2151\" data-end=\"2161\">USA\/EU<\/td>\n<td data-col-size=\"md\" data-start=\"2161\" data-end=\"2216\">Kyll\u00e4 (WordPress\/Automattic kautta, SCC:t k\u00e4yt\u00f6ss\u00e4)<\/td>\n<\/tr>\n<tr data-start=\"2217\" data-end=\"2322\">\n<td data-start=\"2217\" data-end=\"2249\" data-col-size=\"md\">WordPress (Automattic Inc.)<\/td>\n<td data-col-size=\"md\" data-start=\"2249\" data-end=\"2286\">Verkkosivustomme CMS-alusta<\/td>\n<td data-col-size=\"sm\" data-start=\"2286\" data-end=\"2296\">USA<\/td>\n<td data-col-size=\"md\" data-start=\"2296\" data-end=\"2322\">Kyll\u00e4 (SCC:t k\u00e4yt\u00f6ss\u00e4)<\/td>\n<\/tr>\n<tr data-start=\"2323\" data-end=\"2437\">\n<td data-start=\"2323\" data-end=\"2372\" data-col-size=\"md\">Kuljetusyritykset (esim. PostNord, Bring, DHL)<\/td>\n<td data-col-size=\"md\" data-start=\"2372\" data-end=\"2407\">Toimitus<\/td>\n<td data-col-size=\"sm\" data-start=\"2407\" data-end=\"2421\">Pohjoismaat<\/td>\n<td data-col-size=\"md\" data-start=\"2421\" data-end=\"2437\">Kyll\u00e4<\/td>\n<\/tr>\n<tr data-start=\"2438\" data-end=\"2548\">\n<td data-start=\"2438\" data-end=\"2470\" data-col-size=\"md\">Verkkohotelli\/IT-palvelut<\/td>\n<td data-col-size=\"md\" data-start=\"2470\" data-end=\"2515\">Toiminta, varmuuskopiointi ja turvallisuus<\/td>\n<td data-col-size=\"sm\" data-start=\"2515\" data-end=\"2532\">Pohjoismaat\/EU<\/td>\n<td data-col-size=\"md\" data-start=\"2532\" data-end=\"2548\">Kyll\u00e4<\/td>\n<\/tr>\n<tr data-start=\"2549\" data-end=\"2647\">\n<td data-start=\"2549\" data-end=\"2589\" data-col-size=\"md\">Kirjanpitoj\u00e4rjestelm\u00e4\/Tilintarkastaja<\/td>\n<td data-col-size=\"md\" data-start=\"2589\" data-end=\"2621\">Kirjanpito lain mukaan<\/td>\n<td data-col-size=\"sm\" data-start=\"2621\" data-end=\"2631\">Ruotsi<\/td>\n<td data-col-size=\"md\" data-start=\"2631\" data-end=\"2647\">Kyll\u00e4<\/td>\n<\/tr>\n<\/tbody>\n<\/table>\n<div class=\"sticky end-(--thread-content-margin) h-0 self-end select-none\">\n<div class=\"absolute end-0 flex items-end\">\u00a0<\/div>\n<\/div>\n<\/div>\n<\/div>\n<hr data-start=\"2649\" data-end=\"2652\" \/>\n<h3 data-start=\"2654\" data-end=\"2695\">6. Kuinka kauan s\u00e4ilyt\u00e4mme tietojasi?<\/h3>\n<p data-start=\"2697\" data-end=\"2777\">S\u00e4ilyt\u00e4mme tietojasi niin kauan kuin se on tarpeen tarkoituksen toteuttamiseksi:<\/p>\n<ul data-start=\"2779\" data-end=\"2907\">\n<li data-start=\"2779\" data-end=\"2849\">\n<p data-start=\"2781\" data-end=\"2849\"><strong data-start=\"2781\" data-end=\"2798\">Tilaustiedot:<\/strong> S\u00e4ilytet\u00e4\u00e4n jopa 7 vuotta kirjanpitolain mukaan.<\/p>\n<\/li>\n<li data-start=\"2850\" data-end=\"2907\">\n<p data-start=\"2852\" data-end=\"2907\"><strong data-start=\"2852\" data-end=\"2880\">Asiakaspalvelutapaukset:<\/strong> S\u00e4ilytet\u00e4\u00e4n jopa 2 vuotta.<\/p>\n<\/li>\n<\/ul>\n<hr data-start=\"2909\" data-end=\"2912\" \/>\n<h3 data-start=\"2914\" data-end=\"2930\">7. Oikeutesi<\/h3>\n<p data-start=\"2932\" data-end=\"2950\">Sinulla on oikeus:<\/p>\n<ul data-start=\"2952\" data-end=\"3253\">\n<li data-start=\"2952\" data-end=\"2978\">\n<p data-start=\"2954\" data-end=\"2978\">P\u00e4\u00e4sy omiin tietoihisi<\/p>\n<\/li>\n<li data-start=\"2979\" data-end=\"3070\">\n<p data-start=\"2981\" data-end=\"3070\">Oikeus oikaista virheellisi\u00e4 tietoja ja pyyt\u00e4\u00e4 poistamista (&#8221;oikeus tulla unohdetuksi&#8221;)<\/p>\n<\/li>\n<li data-start=\"3071\" data-end=\"3095\">\n<p data-start=\"3073\" data-end=\"3095\">Vastustaa k\u00e4sittely\u00e4<\/p>\n<\/li>\n<li data-start=\"3096\" data-end=\"3119\">\n<p data-start=\"3098\" data-end=\"3119\">Peruuttaa suostumus<\/p>\n<\/li>\n<li data-start=\"3120\" data-end=\"3144\">\n<p data-start=\"3122\" data-end=\"3144\">Rajoittaa k\u00e4sittely\u00e4<\/p>\n<\/li>\n<li data-start=\"3145\" data-end=\"3189\">\n<p data-start=\"3147\" data-end=\"3189\">Siirt\u00e4\u00e4 tietosi (tietojen siirrett\u00e4vyys)<\/p>\n<\/li>\n<li data-start=\"3190\" data-end=\"3253\">\n<p data-start=\"3192\" data-end=\"3253\">Oikeus tehd\u00e4 valitus Ruotsin tietosuojaviranomaiselle (IMY)<\/p>\n<\/li>\n<\/ul>\n<p data-start=\"3255\" data-end=\"3308\">Ota yhteytt\u00e4 <a class=\"cursor-pointer\" rel=\"noopener\" data-start=\"3268\" data-end=\"3282\">info@imagen.se<\/a> k\u00e4ytt\u00e4\u00e4ksesi oikeuksiasi.<\/p>\n<hr data-start=\"3310\" data-end=\"3313\" \/>\n<h3 data-start=\"3315\" data-end=\"3330\">8. Ev\u00e4steet<\/h3>\n<p data-start=\"3332\" data-end=\"3515\">K\u00e4yt\u00e4mme vain v\u00e4ltt\u00e4m\u00e4tt\u00f6mi\u00e4 ja toiminnallisia ev\u00e4steit\u00e4 k\u00e4ytt\u00e4j\u00e4kokemuksesi parantamiseksi.<br data-start=\"3424\" data-end=\"3427\" \/>Voit hallita ev\u00e4steit\u00e4 selaimesi asetuksista. Lis\u00e4tietoja l\u00f6ytyy [Ev\u00e4stek\u00e4yt\u00e4nn\u00f6st\u00e4mme].<\/p>\n<hr data-start=\"3517\" data-end=\"3520\" \/>\n<h3 data-start=\"3522\" data-end=\"3541\">9. Turvallisuus<\/h3>\n<p data-start=\"3543\" data-end=\"3610\">Olemme toteuttaneet seuraavat toimenpiteet tietojesi suojaamiseksi:<\/p>\n<ul data-start=\"3612\" data-end=\"3739\">\n<li data-start=\"3612\" data-end=\"3646\">\n<p data-start=\"3614\" data-end=\"3646\">SSL-salaus verkkosivustollamme<\/p>\n<\/li>\n<li data-start=\"3647\" data-end=\"3702\">\n<p data-start=\"3649\" data-end=\"3702\">S\u00e4\u00e4nn\u00f6lliset p\u00e4ivitykset lis\u00e4osiin ja j\u00e4rjestelmiin<\/p>\n<\/li>\n<li data-start=\"3703\" data-end=\"3739\">\n<p data-start=\"3705\" data-end=\"3739\">P\u00e4\u00e4synhallinta ja vahvat salasanat<\/p>\n<\/li>\n<\/ul>\n<hr data-start=\"3741\" data-end=\"3744\" \/>\n<h3 data-start=\"3746\" data-end=\"3764\">10. Valitukset<\/h3>\n<p data-start=\"3766\" data-end=\"3891\">Jos uskot, ett\u00e4 k\u00e4sittelemme tietojasi virheellisesti, sinulla on oikeus tehd\u00e4 valitus asianomaiselle valvontaviranomaiselle:<\/p>\n<ul data-start=\"3893\" data-end=\"4024\">\n<li data-start=\"3893\" data-end=\"3941\">\n<p data-start=\"3895\" data-end=\"3941\">Ruotsi: Ruotsin tietosuojaviranomainen (IMY)<\/p>\n<\/li>\n<li data-start=\"3942\" data-end=\"3983\">\n<p data-start=\"3944\" data-end=\"3983\">Suomi: Tietosuojavaltuutetun toimisto<\/p>\n<\/li>\n<li data-start=\"3984\" data-end=\"4024\">\n<p data-start=\"3986\" data-end=\"4024\">Tanska: Tanskan tietosuojaviranomainen<\/p>\n<\/li>\n<\/ul>\n<\/div>\n<\/div>\n<\/div>\n<\/div>\n<\/section>\n<\/div>\n\n\t\t<\/div>\n\t\t\t\t\t<\/div>\n\n\t\n\n\t<div id=\"col-1781545543\" class=\"col medium-3 small-12 large-3\"  >\n\t\t\t\t<div class=\"col-inner\"  >\n\t\t\t\n\t\t\t\n\n\n\t\t<\/div>\n\t\t\t\t\t<\/div>\n\n\t\n\n<\/div>","protected":false},"excerpt":{"rendered":"","protected":false},"author":1,"featured_media":0,"parent":0,"menu_order":0,"comment_status":"closed","ping_status":"closed","template":"page-blank.php","meta":{"footnotes":""},"class_list":["post-880","page","type-page","status-publish","hentry"],"yoast_head":"<!-- This site is optimized with the Yoast SEO plugin v25.2 - https:\/\/yoast.com\/wordpress\/plugins\/seo\/ -->\n<title>Tietosujak\u00e4yt\u00e4nt\u00f6 GDPR - iMagen<\/title>\n<meta name=\"robots\" content=\"index, follow, max-snippet:-1, max-image-preview:large, max-video-preview:-1\" \/>\n<link rel=\"canonical\" href=\"https:\/\/imagen.se\/fi\/yksityisyyden-suoja\/\" \/>\n<meta property=\"og:locale\" content=\"fi_FI\" \/>\n<meta property=\"og:type\" content=\"article\" \/>\n<meta property=\"og:title\" content=\"Tietosujak\u00e4yt\u00e4nt\u00f6 GDPR - iMagen\" \/>\n<meta property=\"og:url\" content=\"https:\/\/imagen.se\/fi\/yksityisyyden-suoja\/\" \/>\n<meta property=\"og:site_name\" content=\"iMagen\" \/>\n<meta property=\"article:modified_time\" content=\"2025-05-31T20:10:06+00:00\" \/>\n<meta name=\"twitter:card\" content=\"summary_large_image\" \/>\n<script type=\"application\/ld+json\" class=\"yoast-schema-graph\">{\"@context\":\"https:\/\/schema.org\",\"@graph\":[{\"@type\":\"WebPage\",\"@id\":\"https:\/\/imagen.se\/fi\/yksityisyyden-suoja\/\",\"url\":\"https:\/\/imagen.se\/fi\/yksityisyyden-suoja\/\",\"name\":\"Tietosujak\u00e4yt\u00e4nt\u00f6 GDPR - iMagen\",\"isPartOf\":{\"@id\":\"https:\/\/imagen.se\/#website\"},\"datePublished\":\"2019-09-04T13:34:53+00:00\",\"dateModified\":\"2025-05-31T20:10:06+00:00\",\"breadcrumb\":{\"@id\":\"https:\/\/imagen.se\/fi\/yksityisyyden-suoja\/#breadcrumb\"},\"inLanguage\":\"fi\",\"potentialAction\":[{\"@type\":\"ReadAction\",\"target\":[\"https:\/\/imagen.se\/fi\/yksityisyyden-suoja\/\"]}]},{\"@type\":\"BreadcrumbList\",\"@id\":\"https:\/\/imagen.se\/fi\/yksityisyyden-suoja\/#breadcrumb\",\"itemListElement\":[{\"@type\":\"ListItem\",\"position\":1,\"name\":\"Hem\",\"item\":\"https:\/\/imagen.se\/fi\/\"},{\"@type\":\"ListItem\",\"position\":2,\"name\":\"Tietosujak\u00e4yt\u00e4nt\u00f6 GDPR\"}]},{\"@type\":\"WebSite\",\"@id\":\"https:\/\/imagen.se\/#website\",\"url\":\"https:\/\/imagen.se\/\",\"name\":\"iMagen\",\"description\":\"V\u00e4lkommen till iMagen AB!\",\"publisher\":{\"@id\":\"https:\/\/imagen.se\/#organization\"},\"potentialAction\":[{\"@type\":\"SearchAction\",\"target\":{\"@type\":\"EntryPoint\",\"urlTemplate\":\"https:\/\/imagen.se\/?s={search_term_string}\"},\"query-input\":{\"@type\":\"PropertyValueSpecification\",\"valueRequired\":true,\"valueName\":\"search_term_string\"}}],\"inLanguage\":\"fi\"},{\"@type\":\"Organization\",\"@id\":\"https:\/\/imagen.se\/#organization\",\"name\":\"iMagen\",\"url\":\"https:\/\/imagen.se\/\",\"logo\":{\"@type\":\"ImageObject\",\"inLanguage\":\"fi\",\"@id\":\"https:\/\/imagen.se\/#\/schema\/logo\/image\/\",\"url\":\"https:\/\/imagen.se\/wp-content\/uploads\/2019\/11\/imagenlogo.png\",\"contentUrl\":\"https:\/\/imagen.se\/wp-content\/uploads\/2019\/11\/imagenlogo.png\",\"width\":313,\"height\":102,\"caption\":\"iMagen\"},\"image\":{\"@id\":\"https:\/\/imagen.se\/#\/schema\/logo\/image\/\"}}]}<\/script>\n<!-- \/ Yoast SEO plugin. -->","yoast_head_json":{"title":"Tietosujak\u00e4yt\u00e4nt\u00f6 GDPR - iMagen","robots":{"index":"index","follow":"follow","max-snippet":"max-snippet:-1","max-image-preview":"max-image-preview:large","max-video-preview":"max-video-preview:-1"},"canonical":"https:\/\/imagen.se\/fi\/yksityisyyden-suoja\/","og_locale":"fi_FI","og_type":"article","og_title":"Tietosujak\u00e4yt\u00e4nt\u00f6 GDPR - iMagen","og_url":"https:\/\/imagen.se\/fi\/yksityisyyden-suoja\/","og_site_name":"iMagen","article_modified_time":"2025-05-31T20:10:06+00:00","twitter_card":"summary_large_image","schema":{"@context":"https:\/\/schema.org","@graph":[{"@type":"WebPage","@id":"https:\/\/imagen.se\/fi\/yksityisyyden-suoja\/","url":"https:\/\/imagen.se\/fi\/yksityisyyden-suoja\/","name":"Tietosujak\u00e4yt\u00e4nt\u00f6 GDPR - iMagen","isPartOf":{"@id":"https:\/\/imagen.se\/#website"},"datePublished":"2019-09-04T13:34:53+00:00","dateModified":"2025-05-31T20:10:06+00:00","breadcrumb":{"@id":"https:\/\/imagen.se\/fi\/yksityisyyden-suoja\/#breadcrumb"},"inLanguage":"fi","potentialAction":[{"@type":"ReadAction","target":["https:\/\/imagen.se\/fi\/yksityisyyden-suoja\/"]}]},{"@type":"BreadcrumbList","@id":"https:\/\/imagen.se\/fi\/yksityisyyden-suoja\/#breadcrumb","itemListElement":[{"@type":"ListItem","position":1,"name":"Hem","item":"https:\/\/imagen.se\/fi\/"},{"@type":"ListItem","position":2,"name":"Tietosujak\u00e4yt\u00e4nt\u00f6 GDPR"}]},{"@type":"WebSite","@id":"https:\/\/imagen.se\/#website","url":"https:\/\/imagen.se\/","name":"iMagen","description":"V\u00e4lkommen till iMagen AB!","publisher":{"@id":"https:\/\/imagen.se\/#organization"},"potentialAction":[{"@type":"SearchAction","target":{"@type":"EntryPoint","urlTemplate":"https:\/\/imagen.se\/?s={search_term_string}"},"query-input":{"@type":"PropertyValueSpecification","valueRequired":true,"valueName":"search_term_string"}}],"inLanguage":"fi"},{"@type":"Organization","@id":"https:\/\/imagen.se\/#organization","name":"iMagen","url":"https:\/\/imagen.se\/","logo":{"@type":"ImageObject","inLanguage":"fi","@id":"https:\/\/imagen.se\/#\/schema\/logo\/image\/","url":"https:\/\/imagen.se\/wp-content\/uploads\/2019\/11\/imagenlogo.png","contentUrl":"https:\/\/imagen.se\/wp-content\/uploads\/2019\/11\/imagenlogo.png","width":313,"height":102,"caption":"iMagen"},"image":{"@id":"https:\/\/imagen.se\/#\/schema\/logo\/image\/"}}]}},"_links":{"self":[{"href":"https:\/\/imagen.se\/fi\/wp-json\/wp\/v2\/pages\/880","targetHints":{"allow":["GET"]}}],"collection":[{"href":"https:\/\/imagen.se\/fi\/wp-json\/wp\/v2\/pages"}],"about":[{"href":"https:\/\/imagen.se\/fi\/wp-json\/wp\/v2\/types\/page"}],"author":[{"embeddable":true,"href":"https:\/\/imagen.se\/fi\/wp-json\/wp\/v2\/users\/1"}],"replies":[{"embeddable":true,"href":"https:\/\/imagen.se\/fi\/wp-json\/wp\/v2\/comments?post=880"}],"version-history":[{"count":0,"href":"https:\/\/imagen.se\/fi\/wp-json\/wp\/v2\/pages\/880\/revisions"}],"wp:attachment":[{"href":"https:\/\/imagen.se\/fi\/wp-json\/wp\/v2\/media?parent=880"}],"curies":[{"name":"wp","href":"https:\/\/api.w.org\/{rel}","templated":true}]}}