{"id":864,"date":"2019-09-04T15:16:39","date_gmt":"2019-09-04T13:16:39","guid":{"rendered":"https:\/\/imagenab.wpengine.com\/osto-ja-toimitusehdot\/"},"modified":"2025-05-31T22:12:08","modified_gmt":"2025-05-31T20:12:08","slug":"osto-ja-toimitusehdot","status":"publish","type":"page","link":"https:\/\/imagen.se\/fi\/osto-ja-toimitusehdot\/","title":{"rendered":"Osto- ja toimitusehdot"},"content":{"rendered":"  <div id=\"page-header-246071998\" class=\"page-header-wrapper\">\n  <div class=\"page-title light simple-title\">\n\n    \n    <div class=\"page-title-inner container align-center flex-row medium-flex-wrap row-reverse\" >\n            <div class=\"title-content flex-col flex-left text-left medium-text-center\">\n        <div class=\"title-breadcrumbs pb-half pt-half\"><nav class=\"woocommerce-breadcrumb breadcrumbs uppercase\">Etusivu<\/nav><\/div>      <\/div>\n    <\/div>\n\n     \n<style>\n#page-header-246071998 .title-bg {\n  background-position: 57% 60%;\n}\n<\/style>\n  <\/div>\n    <\/div>\n  \n\n<div class=\"row\"  id=\"row-1211117209\">\n\n\n\t<div id=\"col-947634057\" class=\"col medium-10 small-12 large-10\"  >\n\t\t\t\t<div class=\"col-inner\"  >\n\t\t\t\n\t\t\t\n\n<header class=\"entry-header\">\n<h2 class=\"entry-title\">Ostopalvelu- ja toimitusehdot<\/h2>\n<\/header>\n<div class=\"entry-content clearfix\"><hr data-start=\"91\" data-end=\"94\" \/>\n<p data-start=\"96\" data-end=\"232\"><strong data-start=\"96\" data-end=\"160\">Ostopalveluehdot \u2013 iMagen AB:n verkkosivusto (<a class=\"cursor-pointer\" target=\"_new\" rel=\"noopener\" data-start=\"144\" data-end=\"157\">www.imagen.se<\/a>)<\/strong><br data-start=\"160\" data-end=\"163\" \/><em data-start=\"163\" data-end=\"187\">Sovellettavissa EU:ssa<\/em><br data-start=\"187\" data-end=\"190\" \/><em data-start=\"190\" data-end=\"232\">Viimeksi p\u00e4ivitetty: 30. toukokuuta 2025<\/em><\/p>\n<hr data-start=\"234\" data-end=\"237\" \/>\n<h3 data-start=\"239\" data-end=\"253\">1. Yleist\u00e4<\/h3>\n<p data-start=\"255\" data-end=\"539\">N\u00e4m\u00e4 ostopalveluehdot koskevat kuluttaja-asiakkaita, jotka tekev\u00e4t ostoksia verkkosivustollamme. Ostoksen tekem\u00e4ll\u00e4 hyv\u00e4ksyt ehdot ja tietosuojak\u00e4yt\u00e4nt\u00f6mme. Varmistamme my\u00f6s, ett\u00e4 verkkosivustolla, mainoksissa ja muissa medioissa esiintyv\u00e4t kirjoitus- ja painovirheet voidaan korjata.<\/p>\n<p data-start=\"541\" data-end=\"697\"><strong data-start=\"541\" data-end=\"558\">Yritystiedot:<\/strong><br data-start=\"558\" data-end=\"561\" \/>iMagen AB<br data-start=\"570\" data-end=\"573\" \/>Y-tunnus: 556809-5284<br data-start=\"594\" data-end=\"597\" \/>S\u00e4hk\u00f6posti: <a class=\"cursor-pointer\" rel=\"noopener\" data-start=\"609\" data-end=\"623\">info@imagen.se<\/a><br data-start=\"623\" data-end=\"626\" \/>Osoite: Lau Liffride 129, SE-62362 Ljugarn<br data-start=\"668\" data-end=\"671\" \/>Puhelin: +(46) 0498 652700<\/p>\n<hr data-start=\"699\" data-end=\"702\" \/>\n<h3 data-start=\"704\" data-end=\"724\">2. Hinnat ja ALV (moms)<\/h3>\n<p data-start=\"726\" data-end=\"926\">Kaikki hinnat ilmoitetaan Ruotsin kruunuissa (SEK) ja sis\u00e4lt\u00e4v\u00e4t arvonlis\u00e4veron. Pid\u00e4t\u00e4mme oikeuden hintojen s\u00e4\u00e4t\u00e4miseen, jos esimerkiksi arvonlis\u00e4vero, valuuttakurssit tai toimittajahinnat muuttuvat.<\/p>\n<hr data-start=\"928\" data-end=\"931\" \/>\n<ol start=\"3\">\n<li>\n<h3>Maksaminen Qliro-palvelun kautta<\/h3>\n<\/li>\n<\/ol>\n<p>Tarjoamme turvallisen maksamisen Qliro AB:n kautta, joka tarjoaa seuraavat maksutavat:<\/p>\n<ul>\n<li>Lasku (Ruotsi, Suomi, Tanska)<\/li>\n<li>Korttimaksu<\/li>\n<li>Suoramaksu<\/li>\n<\/ul>\n<p>Valitessasi Swish-maksun, maksunsaajana n\u00e4kyy Q*iMagen.se, mik\u00e4 tarkoittaa, ett\u00e4 Qliro k\u00e4sittelee maksun iMagen.se:n puolesta.<\/p>\n<p>Qliro:n yleisiin ehtoihin voit tutustua t\u00e4\u00e4ll\u00e4: <a href=\"https:\/\/www.qliro.com\/sv-se\/villkor\">https:\/\/www.qliro.com\/sv-se\/villkor<\/a><\/p>\n<hr data-start=\"1374\" data-end=\"1377\" \/>\n<h3 data-start=\"1379\" data-end=\"1394\">4. Toimitus<\/h3>\n<p data-start=\"1396\" data-end=\"1691\"><strong data-start=\"1396\" data-end=\"1413\">Toimitusaika:<\/strong> 1\u20135 arkip\u00e4iv\u00e4\u00e4.<br data-start=\"1429\" data-end=\"1432\" \/>Huomioithan, ett\u00e4 tuotteet l\u00e4hetet\u00e4\u00e4n Gotlannista, mik\u00e4 saattaa lis\u00e4t\u00e4 toimitusaikaa. K\u00e4yt\u00e4mme yleens\u00e4 PostNordia toimituksiin. Muu kuljetusliike voidaan valita asiakkaan toiveiden mukaan lis\u00e4maksusta. Toimituskulut n\u00e4kyv\u00e4t kassalla ennen oston vahvistamista.<\/p>\n<ul data-start=\"1693\" data-end=\"1754\">\n<li data-start=\"1693\" data-end=\"1723\">\n<p data-start=\"1695\" data-end=\"1723\">Ilmainen toimitus Ruotsissa.<\/p>\n<\/li>\n<li data-start=\"1724\" data-end=\"1754\">\n<p data-start=\"1726\" data-end=\"1754\">100 SEK toimitusmaksu EU:ssa.<\/p>\n<\/li>\n<\/ul>\n<hr data-start=\"1756\" data-end=\"1759\" \/>\n<h3 data-start=\"1761\" data-end=\"1797\">5. Peruutusoikeus ja palautukset<\/h3>\n<p data-start=\"1799\" data-end=\"2317\">Yksityishenkil\u00f6n\u00e4 sinulla on yleens\u00e4 oikeus peruuttaa osto 14 kalenterip\u00e4iv\u00e4n kuluessa vastaanottamisesta et\u00e4myynti\u00e4 ja liiketiloista ulkopuolella olevia sopimuksia koskevan lain (2005:59) mukaan. Kuitenkin t\u00e4m\u00e4 oikeus ei koske tuotteita, joita ei voida palauttaa niiden luonteen vuoksi. Koska Xylaktas-tablettien hygienia ja turvallisuus ovat ensisijaisen t\u00e4rkeit\u00e4 iMagen AB:lle ja asiakkaillemme, emme voi taata tablettien alkuper\u00e4ist\u00e4 sulkemista avaamisen j\u00e4lkeen. T\u00e4st\u00e4 syyst\u00e4 peruutusoikeus ei koske tuotteitamme.<\/p>\n<p data-start=\"2319\" data-end=\"2410\">Mik\u00e4li tulemme tarjoamaan tuotteita, joihin t\u00e4m\u00e4 poikkeus ei p\u00e4de, ne ilmoitetaan erikseen.<\/p>\n<hr data-start=\"2412\" data-end=\"2415\" \/>\n<h3 data-start=\"2417\" data-end=\"2436\">6. Reklamaatiot<\/h3>\n<p data-start=\"2438\" data-end=\"2518\">Ota meihin yhteytt\u00e4 mahdollisimman pian ja liit\u00e4 mukaan kuvia sek\u00e4 tilausnumero.<\/p>\n<hr data-start=\"2520\" data-end=\"2523\" \/>\n<h3 data-start=\"2525\" data-end=\"2542\">7. Hyvitykset<\/h3>\n<p data-start=\"2544\" data-end=\"2620\">Hyv\u00e4ksytyn reklamaation j\u00e4lkeen summa hyvitet\u00e4\u00e4n sovitusti asiakkaan kanssa.<\/p>\n<hr data-start=\"2622\" data-end=\"2625\" \/>\n<h3 data-start=\"2627\" data-end=\"2660\">8. Noutamatta j\u00e4\u00e4neet paketit<\/h3>\n<p data-start=\"2662\" data-end=\"2757\">Noutamatta j\u00e4\u00e4neist\u00e4 paketeista perimme 100 SEK:n maksun kattamaan toimitus- ja k\u00e4sittelykulut.<\/p>\n<hr data-start=\"2759\" data-end=\"2762\" \/>\n<h3 data-start=\"2764\" data-end=\"2785\">9. Riidanratkaisu<\/h3>\n<p data-start=\"2787\" data-end=\"2844\">Riitatilanteissa noudatamme seuraavien tahojen p\u00e4\u00e4t\u00f6ksi\u00e4:<\/p>\n<ul data-start=\"2846\" data-end=\"2955\">\n<li data-start=\"2846\" data-end=\"2886\">\n<p data-start=\"2848\" data-end=\"2886\">Ruotsi: Kuluttajariitalautakunta (ARN)<\/p>\n<\/li>\n<li data-start=\"2887\" data-end=\"2920\">\n<p data-start=\"2889\" data-end=\"2920\">Suomi: Kuluttajariitalautakunta<\/p>\n<\/li>\n<li data-start=\"2921\" data-end=\"2955\">\n<p data-start=\"2923\" data-end=\"2955\">Tanska: Kuluttajariitalautakunta<\/p>\n<\/li>\n<\/ul>\n<p data-start=\"2957\" data-end=\"3062\">Voit my\u00f6s k\u00e4ytt\u00e4\u00e4 EU:n online-riidanratkaisualustaa: <a class=\"\" href=\"https:\/\/ec.europa.eu\/odr\" target=\"_new\" rel=\"noopener\" data-start=\"3010\" data-end=\"3062\">https:\/\/ec.europa.eu\/odr<\/a><\/p>\n<hr data-start=\"3064\" data-end=\"3067\" \/>\n<h3 data-start=\"3069\" data-end=\"3090\">10. Force Majeure<\/h3>\n<p data-start=\"3092\" data-end=\"3345\">Ennakoimattomien suurten tapahtumien, kuten sodan, luonnonkatastrofin, lakon, viranomaisp\u00e4\u00e4t\u00f6ksen tai muiden vastaavien olosuhteiden, jotka est\u00e4v\u00e4t iMagen AB:n liiketoiminnan, vuoksi sek\u00e4 yritys ett\u00e4 asiakas vapautuvat velvoitteistaan sopimuksen mukaan.<\/p>\n<hr data-start=\"3347\" data-end=\"3350\" \/>\n<h3 data-start=\"3352\" data-end=\"3372\">11. Yhteystiedot<\/h3>\n<p data-start=\"3374\" data-end=\"3433\">Jos sinulla on kysytt\u00e4v\u00e4\u00e4 ehdoistamme, ota meihin yhteytt\u00e4:<\/p>\n<p data-start=\"3435\" data-end=\"3535\">S\u00e4hk\u00f6posti: <a class=\"cursor-pointer\" rel=\"noopener\" data-start=\"3447\" data-end=\"3461\">info@imagen.se<\/a><br data-start=\"3461\" data-end=\"3464\" \/>Puhelin: +(46) 0498-652700<br data-start=\"3490\" data-end=\"3493\" \/>Osoite: Lau Liffride 129, SE-62362 Ljugarn<\/p>\n<\/div>\n\n\t\t<\/div>\n\t\t\t\t\t<\/div>\n\n\t\n\n<\/div>","protected":false},"excerpt":{"rendered":"","protected":false},"author":1,"featured_media":0,"parent":0,"menu_order":0,"comment_status":"closed","ping_status":"closed","template":"","meta":{"footnotes":""},"class_list":["post-864","page","type-page","status-publish","hentry"],"yoast_head":"<!-- This site is optimized with the Yoast SEO plugin v25.2 - https:\/\/yoast.com\/wordpress\/plugins\/seo\/ -->\n<title>Osto- ja toimitusehdot - iMagen<\/title>\n<meta name=\"robots\" content=\"index, follow, max-snippet:-1, max-image-preview:large, max-video-preview:-1\" \/>\n<link rel=\"canonical\" href=\"https:\/\/imagen.se\/fi\/osto-ja-toimitusehdot\/\" \/>\n<meta property=\"og:locale\" content=\"fi_FI\" \/>\n<meta property=\"og:type\" content=\"article\" \/>\n<meta property=\"og:title\" content=\"Osto- ja toimitusehdot - iMagen\" \/>\n<meta property=\"og:url\" content=\"https:\/\/imagen.se\/fi\/osto-ja-toimitusehdot\/\" \/>\n<meta property=\"og:site_name\" content=\"iMagen\" \/>\n<meta property=\"article:modified_time\" content=\"2025-05-31T20:12:08+00:00\" \/>\n<meta name=\"twitter:card\" content=\"summary_large_image\" \/>\n<meta name=\"twitter:label1\" content=\"Arvioitu lukuaika\" \/>\n\t<meta name=\"twitter:data1\" content=\"3 minuuttia\" \/>\n<script type=\"application\/ld+json\" class=\"yoast-schema-graph\">{\"@context\":\"https:\/\/schema.org\",\"@graph\":[{\"@type\":\"WebPage\",\"@id\":\"https:\/\/imagen.se\/fi\/osto-ja-toimitusehdot\/\",\"url\":\"https:\/\/imagen.se\/fi\/osto-ja-toimitusehdot\/\",\"name\":\"Osto- ja toimitusehdot - iMagen\",\"isPartOf\":{\"@id\":\"https:\/\/imagen.se\/#website\"},\"datePublished\":\"2019-09-04T13:16:39+00:00\",\"dateModified\":\"2025-05-31T20:12:08+00:00\",\"breadcrumb\":{\"@id\":\"https:\/\/imagen.se\/fi\/osto-ja-toimitusehdot\/#breadcrumb\"},\"inLanguage\":\"fi\",\"potentialAction\":[{\"@type\":\"ReadAction\",\"target\":[\"https:\/\/imagen.se\/fi\/osto-ja-toimitusehdot\/\"]}]},{\"@type\":\"BreadcrumbList\",\"@id\":\"https:\/\/imagen.se\/fi\/osto-ja-toimitusehdot\/#breadcrumb\",\"itemListElement\":[{\"@type\":\"ListItem\",\"position\":1,\"name\":\"Hem\",\"item\":\"https:\/\/imagen.se\/fi\/\"},{\"@type\":\"ListItem\",\"position\":2,\"name\":\"Osto- ja toimitusehdot\"}]},{\"@type\":\"WebSite\",\"@id\":\"https:\/\/imagen.se\/#website\",\"url\":\"https:\/\/imagen.se\/\",\"name\":\"iMagen\",\"description\":\"V\u00e4lkommen till iMagen AB!\",\"publisher\":{\"@id\":\"https:\/\/imagen.se\/#organization\"},\"potentialAction\":[{\"@type\":\"SearchAction\",\"target\":{\"@type\":\"EntryPoint\",\"urlTemplate\":\"https:\/\/imagen.se\/?s={search_term_string}\"},\"query-input\":{\"@type\":\"PropertyValueSpecification\",\"valueRequired\":true,\"valueName\":\"search_term_string\"}}],\"inLanguage\":\"fi\"},{\"@type\":\"Organization\",\"@id\":\"https:\/\/imagen.se\/#organization\",\"name\":\"iMagen\",\"url\":\"https:\/\/imagen.se\/\",\"logo\":{\"@type\":\"ImageObject\",\"inLanguage\":\"fi\",\"@id\":\"https:\/\/imagen.se\/#\/schema\/logo\/image\/\",\"url\":\"https:\/\/imagen.se\/wp-content\/uploads\/2019\/11\/imagenlogo.png\",\"contentUrl\":\"https:\/\/imagen.se\/wp-content\/uploads\/2019\/11\/imagenlogo.png\",\"width\":313,\"height\":102,\"caption\":\"iMagen\"},\"image\":{\"@id\":\"https:\/\/imagen.se\/#\/schema\/logo\/image\/\"}}]}<\/script>\n<!-- \/ Yoast SEO plugin. -->","yoast_head_json":{"title":"Osto- ja toimitusehdot - iMagen","robots":{"index":"index","follow":"follow","max-snippet":"max-snippet:-1","max-image-preview":"max-image-preview:large","max-video-preview":"max-video-preview:-1"},"canonical":"https:\/\/imagen.se\/fi\/osto-ja-toimitusehdot\/","og_locale":"fi_FI","og_type":"article","og_title":"Osto- ja toimitusehdot - iMagen","og_url":"https:\/\/imagen.se\/fi\/osto-ja-toimitusehdot\/","og_site_name":"iMagen","article_modified_time":"2025-05-31T20:12:08+00:00","twitter_card":"summary_large_image","twitter_misc":{"Arvioitu lukuaika":"3 minuuttia"},"schema":{"@context":"https:\/\/schema.org","@graph":[{"@type":"WebPage","@id":"https:\/\/imagen.se\/fi\/osto-ja-toimitusehdot\/","url":"https:\/\/imagen.se\/fi\/osto-ja-toimitusehdot\/","name":"Osto- ja toimitusehdot - iMagen","isPartOf":{"@id":"https:\/\/imagen.se\/#website"},"datePublished":"2019-09-04T13:16:39+00:00","dateModified":"2025-05-31T20:12:08+00:00","breadcrumb":{"@id":"https:\/\/imagen.se\/fi\/osto-ja-toimitusehdot\/#breadcrumb"},"inLanguage":"fi","potentialAction":[{"@type":"ReadAction","target":["https:\/\/imagen.se\/fi\/osto-ja-toimitusehdot\/"]}]},{"@type":"BreadcrumbList","@id":"https:\/\/imagen.se\/fi\/osto-ja-toimitusehdot\/#breadcrumb","itemListElement":[{"@type":"ListItem","position":1,"name":"Hem","item":"https:\/\/imagen.se\/fi\/"},{"@type":"ListItem","position":2,"name":"Osto- ja toimitusehdot"}]},{"@type":"WebSite","@id":"https:\/\/imagen.se\/#website","url":"https:\/\/imagen.se\/","name":"iMagen","description":"V\u00e4lkommen till iMagen AB!","publisher":{"@id":"https:\/\/imagen.se\/#organization"},"potentialAction":[{"@type":"SearchAction","target":{"@type":"EntryPoint","urlTemplate":"https:\/\/imagen.se\/?s={search_term_string}"},"query-input":{"@type":"PropertyValueSpecification","valueRequired":true,"valueName":"search_term_string"}}],"inLanguage":"fi"},{"@type":"Organization","@id":"https:\/\/imagen.se\/#organization","name":"iMagen","url":"https:\/\/imagen.se\/","logo":{"@type":"ImageObject","inLanguage":"fi","@id":"https:\/\/imagen.se\/#\/schema\/logo\/image\/","url":"https:\/\/imagen.se\/wp-content\/uploads\/2019\/11\/imagenlogo.png","contentUrl":"https:\/\/imagen.se\/wp-content\/uploads\/2019\/11\/imagenlogo.png","width":313,"height":102,"caption":"iMagen"},"image":{"@id":"https:\/\/imagen.se\/#\/schema\/logo\/image\/"}}]}},"_links":{"self":[{"href":"https:\/\/imagen.se\/fi\/wp-json\/wp\/v2\/pages\/864","targetHints":{"allow":["GET"]}}],"collection":[{"href":"https:\/\/imagen.se\/fi\/wp-json\/wp\/v2\/pages"}],"about":[{"href":"https:\/\/imagen.se\/fi\/wp-json\/wp\/v2\/types\/page"}],"author":[{"embeddable":true,"href":"https:\/\/imagen.se\/fi\/wp-json\/wp\/v2\/users\/1"}],"replies":[{"embeddable":true,"href":"https:\/\/imagen.se\/fi\/wp-json\/wp\/v2\/comments?post=864"}],"version-history":[{"count":0,"href":"https:\/\/imagen.se\/fi\/wp-json\/wp\/v2\/pages\/864\/revisions"}],"wp:attachment":[{"href":"https:\/\/imagen.se\/fi\/wp-json\/wp\/v2\/media?parent=864"}],"curies":[{"name":"wp","href":"https:\/\/api.w.org\/{rel}","templated":true}]}}