{"id":856,"date":"2019-09-04T14:50:32","date_gmt":"2019-09-04T12:50:32","guid":{"rendered":"https:\/\/imagenab.wpengine.com\/koti\/"},"modified":"2025-05-29T16:24:17","modified_gmt":"2025-05-29T14:24:17","slug":"koti","status":"publish","type":"page","link":"https:\/\/imagen.se\/fi\/","title":{"rendered":"Koti"},"content":{"rendered":"<div class=\"slider-wrapper relative hide-for-small\" id=\"slider-213724968\" >\n    <div class=\"slider slider-nav-circle slider-nav-large slider-nav-light slider-style-normal\"\n        data-flickity-options='{\n            \"cellAlign\": \"center\",\n            \"imagesLoaded\": true,\n            \"lazyLoad\": 1,\n            \"freeScroll\": false,\n            \"wrapAround\": true,\n            \"autoPlay\": 6000,\n            \"pauseAutoPlayOnHover\" : true,\n            \"prevNextButtons\": true,\n            \"contain\" : true,\n            \"adaptiveHeight\" : true,\n            \"dragThreshold\" : 10,\n            \"percentPosition\": true,\n            \"pageDots\": false,\n            \"rightToLeft\": false,\n            \"draggable\": true,\n            \"selectedAttraction\": 0.1,\n            \"parallax\" : 0,\n            \"friction\": 0.6        }'\n        >\n        \n\n\n  <div class=\"banner has-hover\" id=\"banner-642729192\">\n          <div class=\"banner-inner fill\">\n        <div class=\"banner-bg fill\" >\n                                                \n                    <\/div>\n\t\t\n        <div class=\"banner-layers container\">\n            <div class=\"fill banner-link\"><\/div>            \n\n\t<div class=\"img has-hover x50 md-x50 lg-x50 y5 md-y5 lg-y10\" id=\"image_1382764676\">\n\t\t<a class=\"\" href=\"https:\/\/imagenab.wpengine.com\/fi\/produkt\/xylaktas-30-tablettia\/\" >\t\t\t\t\t\t<div class=\"img-inner dark\" >\n\t\t\t<img loading=\"lazy\" decoding=\"async\" width=\"400\" height=\"400\" src=\"https:\/\/imagen.se\/wp-content\/uploads\/2019\/11\/Xylaktas-400x400.png\" class=\"attachment-medium size-medium\" alt=\"\" srcset=\"https:\/\/imagen.se\/wp-content\/uploads\/2019\/11\/Xylaktas-400x400.png 400w, https:\/\/imagen.se\/wp-content\/uploads\/2019\/11\/Xylaktas-280x280.png 280w, https:\/\/imagen.se\/wp-content\/uploads\/2019\/11\/Xylaktas-300x300.png 300w, https:\/\/imagen.se\/wp-content\/uploads\/2019\/11\/Xylaktas-600x600.png 600w, https:\/\/imagen.se\/wp-content\/uploads\/2019\/11\/Xylaktas-100x100.png 100w, https:\/\/imagen.se\/wp-content\/uploads\/2019\/11\/Xylaktas.png 666w\" sizes=\"auto, (max-width: 400px) 100vw, 400px\" \/>\t\t\t\t\t\t\n\t\t\t\t\t<\/div>\n\t\t\t\t\t\t<\/a>\t\t\n<style>\n#image_1382764676 {\n  width: 36%;\n}\n@media (min-width:850px) {\n  #image_1382764676 {\n    width: 43%;\n  }\n}\n<\/style>\n\t<\/div>\n\t\n\n   <div id=\"text-box-2136123203\" class=\"text-box banner-layer x50 md-x50 lg-x50 y95 md-y95 lg-y90 res-text\">\n                                <div class=\"text-box-content text dark\">\n              \n              <div class=\"text-inner text-center\">\n                  \n\n\t<div class=\"img has-hover x md-x lg-x y md-y lg-y\" id=\"image_1994939893\">\n\t\t<a class=\"\" href=\"https:\/\/imagenab.wpengine.com\/fi\/produkt\/xylaktas-30-tablettia\/\" >\t\t\t\t\t\t<div class=\"img-inner image-glow dark\" >\n\t\t\t<img loading=\"lazy\" decoding=\"async\" width=\"502\" height=\"104\" src=\"https:\/\/imagen.se\/wp-content\/uploads\/2019\/09\/osta.png\" class=\"attachment-large size-large\" alt=\"\" \/>\t\t\t\t\t\t\n\t\t\t\t\t<\/div>\n\t\t\t\t\t\t<\/a>\t\t\n<style>\n#image_1994939893 {\n  width: 50%;\n}\n<\/style>\n\t<\/div>\n\t\n\n\n              <\/div>\n           <\/div>\n                            \n<style>\n#text-box-2136123203 {\n  width: 60%;\n}\n#text-box-2136123203 .text-box-content {\n  font-size: 100%;\n}\n<\/style>\n    <\/div>\n \n\n        <\/div>\n      <\/div>\n\n            \n<style>\n#banner-642729192 {\n  padding-top: 294px;\n  background-color: rgb(240, 245, 234);\n}\n#banner-642729192 .banner-bg img {\n  object-position: 49% 51%;\n}\n@media (min-width:550px) {\n  #banner-642729192 {\n    padding-top: 479px;\n  }\n}\n@media (min-width:850px) {\n  #banner-642729192 {\n    padding-top: 743px;\n  }\n}\n<\/style>\n  <\/div>\n\n\n\n     <\/div>\n\n     <div class=\"loading-spin dark large centered\"><\/div>\n\n\t\n<style>\n#slider-213724968 {\n  margin-bottom: 12px;\n}\n<\/style>\n<\/div>\n\n\n<div class=\"slider-wrapper relative show-for-small\" id=\"slider-417643702\" >\n    <div class=\"slider slider-nav-circle slider-nav-normal slider-nav-light slider-style-normal\"\n        data-flickity-options='{\n            \"cellAlign\": \"center\",\n            \"imagesLoaded\": true,\n            \"lazyLoad\": 1,\n            \"freeScroll\": false,\n            \"wrapAround\": true,\n            \"autoPlay\": 6000,\n            \"pauseAutoPlayOnHover\" : true,\n            \"prevNextButtons\": true,\n            \"contain\" : true,\n            \"adaptiveHeight\" : true,\n            \"dragThreshold\" : 10,\n            \"percentPosition\": true,\n            \"pageDots\": false,\n            \"rightToLeft\": false,\n            \"draggable\": true,\n            \"selectedAttraction\": 0.1,\n            \"parallax\" : 0,\n            \"friction\": 0.6        }'\n        >\n        \n\n\n  <div class=\"banner has-hover\" id=\"banner-1410879173\">\n          <div class=\"banner-inner fill\">\n        <div class=\"banner-bg fill\" >\n                                                \n                    <\/div>\n\t\t\n        <div class=\"banner-layers container\">\n            <div class=\"fill banner-link\"><\/div>            \n\n\t<div class=\"img has-hover x50 md-x50 lg-x50 y10 md-y50 lg-y50\" id=\"image_430347856\">\n\t\t<a class=\"\" href=\"https:\/\/imagenab.wpengine.com\/fi\/produkt\/xylaktas-30-tablettia\/\" >\t\t\t\t\t\t<div class=\"img-inner dark\" >\n\t\t\t<img loading=\"lazy\" decoding=\"async\" width=\"400\" height=\"400\" src=\"https:\/\/imagen.se\/wp-content\/uploads\/2019\/11\/Xylaktas-400x400.png\" class=\"attachment-medium size-medium\" alt=\"\" srcset=\"https:\/\/imagen.se\/wp-content\/uploads\/2019\/11\/Xylaktas-400x400.png 400w, https:\/\/imagen.se\/wp-content\/uploads\/2019\/11\/Xylaktas-280x280.png 280w, https:\/\/imagen.se\/wp-content\/uploads\/2019\/11\/Xylaktas-300x300.png 300w, https:\/\/imagen.se\/wp-content\/uploads\/2019\/11\/Xylaktas-600x600.png 600w, https:\/\/imagen.se\/wp-content\/uploads\/2019\/11\/Xylaktas-100x100.png 100w, https:\/\/imagen.se\/wp-content\/uploads\/2019\/11\/Xylaktas.png 666w\" sizes=\"auto, (max-width: 400px) 100vw, 400px\" \/>\t\t\t\t\t\t\n\t\t\t\t\t<\/div>\n\t\t\t\t\t\t<\/a>\t\t\n<style>\n#image_430347856 {\n  width: 58%;\n}\n@media (min-width:550px) {\n  #image_430347856 {\n    width: 47%;\n  }\n}\n@media (min-width:850px) {\n  #image_430347856 {\n    width: 100%;\n  }\n}\n<\/style>\n\t<\/div>\n\t\n\n   <div id=\"text-box-200293424\" class=\"text-box banner-layer x50 md-x50 lg-x50 y90 md-y95 lg-y95 res-text\">\n                                <div class=\"text-box-content text dark\">\n              \n              <div class=\"text-inner text-center\">\n                  \n\n\t<div class=\"img has-hover x md-x lg-x y md-y lg-y\" id=\"image_40802462\">\n\t\t<a class=\"\" href=\"https:\/\/imagenab.wpengine.com\/fi\/produkt\/xylaktas-30-tablettia\/\" >\t\t\t\t\t\t<div class=\"img-inner image-glow dark\" style=\"margin:-30px 0px 0px 0px;\">\n\t\t\t<img loading=\"lazy\" decoding=\"async\" width=\"502\" height=\"104\" src=\"https:\/\/imagen.se\/wp-content\/uploads\/2019\/09\/osta.png\" class=\"attachment-large size-large\" alt=\"\" \/>\t\t\t\t\t\t\n\t\t\t\t\t<\/div>\n\t\t\t\t\t\t<\/a>\t\t\n<style>\n#image_40802462 {\n  width: 99%;\n}\n<\/style>\n\t<\/div>\n\t\n\n\n              <\/div>\n           <\/div>\n                            \n<style>\n#text-box-200293424 {\n  width: 60%;\n}\n#text-box-200293424 .text-box-content {\n  font-size: 100%;\n}\n<\/style>\n    <\/div>\n \n\n        <\/div>\n      <\/div>\n\n            \n<style>\n#banner-1410879173 {\n  padding-top: 401px;\n  background-color: rgb(240, 245, 234);\n}\n#banner-1410879173 .banner-bg img {\n  object-position: 49% 51%;\n}\n@media (min-width:550px) {\n  #banner-1410879173 {\n    padding-top: 366px;\n  }\n}\n@media (min-width:850px) {\n  #banner-1410879173 {\n    padding-top: 637px;\n  }\n}\n<\/style>\n  <\/div>\n\n\n\n     <\/div>\n\n     <div class=\"loading-spin dark large centered\"><\/div>\n\n\t<\/div>\n\n\n\n","protected":false},"excerpt":{"rendered":"","protected":false},"author":1,"featured_media":0,"parent":0,"menu_order":1,"comment_status":"closed","ping_status":"closed","template":"page-blank.php","meta":{"footnotes":""},"class_list":["post-856","page","type-page","status-publish","hentry"],"yoast_head":"<!-- This site is optimized with the Yoast SEO plugin v25.2 - https:\/\/yoast.com\/wordpress\/plugins\/seo\/ -->\n<title>V\u00e4lkommen till iMagen AB! - Det \u00e4r vi som s\u00e4ljer Xylaktas<\/title>\n<meta name=\"description\" content=\"Xylaktas \u00e4r nya versionen av Prolaktas, nu \u00e4nnu mer laktosnedbrytande effekt, f\u00e4rre allergener och enklare format! K\u00f6p Xylaktas H\u00e4r.\" \/>\n<meta name=\"robots\" content=\"index, follow, max-snippet:-1, max-image-preview:large, max-video-preview:-1\" \/>\n<link rel=\"canonical\" href=\"https:\/\/imagen.se\/fi\/\" \/>\n<meta property=\"og:locale\" content=\"fi_FI\" \/>\n<meta property=\"og:type\" content=\"article\" \/>\n<meta property=\"og:title\" content=\"Det \u00e4r vi som s\u00e4ljer Xylaktas, v\u00e5r nya, f\u00f6rb\u00e4ttrade form av Prolaktas.\" \/>\n<meta property=\"og:description\" content=\"N\u00e4r du b\u00f6rjar ta Xylaktas intar du tv\u00e5 tabletter (samtidigt) om dagen i tv\u00e5 dagar. Detta bygger upp r\u00e4tt m\u00e4ngd laktos-nedbrytande bakteriekultur i tarmen. Fr\u00e5n den tredje dagen tar man en till tv\u00e5 tabletter om dagen och intar vanliga mj\u00f6lkprodukter. F\u00f6r de flesta (95%+) beh\u00f6vs enbart en tablett om dagen, oavsett m\u00e4ngd intagna mj\u00f6lkprodukter. Har man ett snabbt tarmsystem kan man prova att dela tabletten och ta h\u00e4lften p\u00e5 morgonen och h\u00e4lften p\u00e5 eftermiddagen. Bakteriekulturen f\u00f6r\u00f6kar sig i tunntarmen och bryter ner stora m\u00e4ngder laktos fr\u00e5n allt du intar hela dagen!\" \/>\n<meta property=\"og:url\" content=\"https:\/\/imagen.se\/fi\/\" \/>\n<meta property=\"og:site_name\" content=\"iMagen\" \/>\n<meta property=\"article:modified_time\" content=\"2025-05-29T14:24:17+00:00\" \/>\n<meta property=\"og:image\" content=\"https:\/\/imagen.se\/wp-content\/uploads\/2019\/07\/imagen3-1.jpg\" \/>\n\t<meta property=\"og:image:width\" content=\"1041\" \/>\n\t<meta property=\"og:image:height\" content=\"1042\" \/>\n\t<meta property=\"og:image:type\" content=\"image\/jpeg\" \/>\n<meta name=\"twitter:card\" content=\"summary_large_image\" \/>\n<meta name=\"twitter:label1\" content=\"Arvioitu lukuaika\" \/>\n\t<meta name=\"twitter:data1\" content=\"2 minuuttia\" \/>\n<script type=\"application\/ld+json\" class=\"yoast-schema-graph\">{\"@context\":\"https:\/\/schema.org\",\"@graph\":[{\"@type\":\"WebPage\",\"@id\":\"https:\/\/imagen.se\/fi\/\",\"url\":\"https:\/\/imagen.se\/fi\/\",\"name\":\"V\u00e4lkommen till iMagen AB! - Det \u00e4r vi som s\u00e4ljer Xylaktas\",\"isPartOf\":{\"@id\":\"https:\/\/imagen.se\/#website\"},\"datePublished\":\"2019-09-04T12:50:32+00:00\",\"dateModified\":\"2025-05-29T14:24:17+00:00\",\"description\":\"Xylaktas \u00e4r nya versionen av Prolaktas, nu \u00e4nnu mer laktosnedbrytande effekt, f\u00e4rre allergener och enklare format! K\u00f6p Xylaktas H\u00e4r.\",\"breadcrumb\":{\"@id\":\"https:\/\/imagen.se\/fi\/#breadcrumb\"},\"inLanguage\":\"fi\",\"potentialAction\":[{\"@type\":\"ReadAction\",\"target\":[\"https:\/\/imagen.se\/fi\/\"]}]},{\"@type\":\"BreadcrumbList\",\"@id\":\"https:\/\/imagen.se\/fi\/#breadcrumb\",\"itemListElement\":[{\"@type\":\"ListItem\",\"position\":1,\"name\":\"Hem\",\"item\":\"https:\/\/imagen.se\/fi\/\"},{\"@type\":\"ListItem\",\"position\":2,\"name\":\"Koti\"}]},{\"@type\":\"WebSite\",\"@id\":\"https:\/\/imagen.se\/#website\",\"url\":\"https:\/\/imagen.se\/\",\"name\":\"iMagen\",\"description\":\"V\u00e4lkommen till iMagen AB!\",\"publisher\":{\"@id\":\"https:\/\/imagen.se\/#organization\"},\"potentialAction\":[{\"@type\":\"SearchAction\",\"target\":{\"@type\":\"EntryPoint\",\"urlTemplate\":\"https:\/\/imagen.se\/?s={search_term_string}\"},\"query-input\":{\"@type\":\"PropertyValueSpecification\",\"valueRequired\":true,\"valueName\":\"search_term_string\"}}],\"inLanguage\":\"fi\"},{\"@type\":\"Organization\",\"@id\":\"https:\/\/imagen.se\/#organization\",\"name\":\"iMagen\",\"url\":\"https:\/\/imagen.se\/\",\"logo\":{\"@type\":\"ImageObject\",\"inLanguage\":\"fi\",\"@id\":\"https:\/\/imagen.se\/#\/schema\/logo\/image\/\",\"url\":\"https:\/\/imagen.se\/wp-content\/uploads\/2019\/11\/imagenlogo.png\",\"contentUrl\":\"https:\/\/imagen.se\/wp-content\/uploads\/2019\/11\/imagenlogo.png\",\"width\":313,\"height\":102,\"caption\":\"iMagen\"},\"image\":{\"@id\":\"https:\/\/imagen.se\/#\/schema\/logo\/image\/\"}}]}<\/script>\n<!-- \/ Yoast SEO plugin. -->","yoast_head_json":{"title":"V\u00e4lkommen till iMagen AB! - Det \u00e4r vi som s\u00e4ljer Xylaktas","description":"Xylaktas \u00e4r nya versionen av Prolaktas, nu \u00e4nnu mer laktosnedbrytande effekt, f\u00e4rre allergener och enklare format! K\u00f6p Xylaktas H\u00e4r.","robots":{"index":"index","follow":"follow","max-snippet":"max-snippet:-1","max-image-preview":"max-image-preview:large","max-video-preview":"max-video-preview:-1"},"canonical":"https:\/\/imagen.se\/fi\/","og_locale":"fi_FI","og_type":"article","og_title":"Det \u00e4r vi som s\u00e4ljer Xylaktas, v\u00e5r nya, f\u00f6rb\u00e4ttrade form av Prolaktas.","og_description":"N\u00e4r du b\u00f6rjar ta Xylaktas intar du tv\u00e5 tabletter (samtidigt) om dagen i tv\u00e5 dagar. Detta bygger upp r\u00e4tt m\u00e4ngd laktos-nedbrytande bakteriekultur i tarmen. Fr\u00e5n den tredje dagen tar man en till tv\u00e5 tabletter om dagen och intar vanliga mj\u00f6lkprodukter. F\u00f6r de flesta (95%+) beh\u00f6vs enbart en tablett om dagen, oavsett m\u00e4ngd intagna mj\u00f6lkprodukter. Har man ett snabbt tarmsystem kan man prova att dela tabletten och ta h\u00e4lften p\u00e5 morgonen och h\u00e4lften p\u00e5 eftermiddagen. Bakteriekulturen f\u00f6r\u00f6kar sig i tunntarmen och bryter ner stora m\u00e4ngder laktos fr\u00e5n allt du intar hela dagen!","og_url":"https:\/\/imagen.se\/fi\/","og_site_name":"iMagen","article_modified_time":"2025-05-29T14:24:17+00:00","og_image":[{"width":1041,"height":1042,"url":"https:\/\/imagen.se\/wp-content\/uploads\/2019\/07\/imagen3-1.jpg","type":"image\/jpeg"}],"twitter_card":"summary_large_image","twitter_misc":{"Arvioitu lukuaika":"2 minuuttia"},"schema":{"@context":"https:\/\/schema.org","@graph":[{"@type":"WebPage","@id":"https:\/\/imagen.se\/fi\/","url":"https:\/\/imagen.se\/fi\/","name":"V\u00e4lkommen till iMagen AB! - Det \u00e4r vi som s\u00e4ljer Xylaktas","isPartOf":{"@id":"https:\/\/imagen.se\/#website"},"datePublished":"2019-09-04T12:50:32+00:00","dateModified":"2025-05-29T14:24:17+00:00","description":"Xylaktas \u00e4r nya versionen av Prolaktas, nu \u00e4nnu mer laktosnedbrytande effekt, f\u00e4rre allergener och enklare format! K\u00f6p Xylaktas H\u00e4r.","breadcrumb":{"@id":"https:\/\/imagen.se\/fi\/#breadcrumb"},"inLanguage":"fi","potentialAction":[{"@type":"ReadAction","target":["https:\/\/imagen.se\/fi\/"]}]},{"@type":"BreadcrumbList","@id":"https:\/\/imagen.se\/fi\/#breadcrumb","itemListElement":[{"@type":"ListItem","position":1,"name":"Hem","item":"https:\/\/imagen.se\/fi\/"},{"@type":"ListItem","position":2,"name":"Koti"}]},{"@type":"WebSite","@id":"https:\/\/imagen.se\/#website","url":"https:\/\/imagen.se\/","name":"iMagen","description":"V\u00e4lkommen till iMagen AB!","publisher":{"@id":"https:\/\/imagen.se\/#organization"},"potentialAction":[{"@type":"SearchAction","target":{"@type":"EntryPoint","urlTemplate":"https:\/\/imagen.se\/?s={search_term_string}"},"query-input":{"@type":"PropertyValueSpecification","valueRequired":true,"valueName":"search_term_string"}}],"inLanguage":"fi"},{"@type":"Organization","@id":"https:\/\/imagen.se\/#organization","name":"iMagen","url":"https:\/\/imagen.se\/","logo":{"@type":"ImageObject","inLanguage":"fi","@id":"https:\/\/imagen.se\/#\/schema\/logo\/image\/","url":"https:\/\/imagen.se\/wp-content\/uploads\/2019\/11\/imagenlogo.png","contentUrl":"https:\/\/imagen.se\/wp-content\/uploads\/2019\/11\/imagenlogo.png","width":313,"height":102,"caption":"iMagen"},"image":{"@id":"https:\/\/imagen.se\/#\/schema\/logo\/image\/"}}]}},"_links":{"self":[{"href":"https:\/\/imagen.se\/fi\/wp-json\/wp\/v2\/pages\/856","targetHints":{"allow":["GET"]}}],"collection":[{"href":"https:\/\/imagen.se\/fi\/wp-json\/wp\/v2\/pages"}],"about":[{"href":"https:\/\/imagen.se\/fi\/wp-json\/wp\/v2\/types\/page"}],"author":[{"embeddable":true,"href":"https:\/\/imagen.se\/fi\/wp-json\/wp\/v2\/users\/1"}],"replies":[{"embeddable":true,"href":"https:\/\/imagen.se\/fi\/wp-json\/wp\/v2\/comments?post=856"}],"version-history":[{"count":0,"href":"https:\/\/imagen.se\/fi\/wp-json\/wp\/v2\/pages\/856\/revisions"}],"wp:attachment":[{"href":"https:\/\/imagen.se\/fi\/wp-json\/wp\/v2\/media?parent=856"}],"curies":[{"name":"wp","href":"https:\/\/api.w.org\/{rel}","templated":true}]}}