{"id":179386,"date":"2025-05-29T13:59:04","date_gmt":"2025-05-29T11:59:04","guid":{"rendered":"https:\/\/imagen.se\/?page_id=179386"},"modified":"2025-05-29T13:59:06","modified_gmt":"2025-05-29T11:59:06","slug":"kayttaytymissaanot","status":"publish","type":"page","link":"https:\/\/imagen.se\/fi\/kayttaytymissaanot\/","title":{"rendered":"K\u00e4ytt\u00e4ytymiss\u00e4\u00e4n\u00f6t"},"content":{"rendered":"\n<p data-start=\"73\" data-end=\"111\"><strong data-start=\"73\" data-end=\"111\">\ud83d\uded2 K\u00e4ytt\u00e4ytymiss\u00e4\u00e4nn\u00f6t \u2013 iMagen AB<\/strong><\/p>\n<p data-start=\"113\" data-end=\"129\"><strong data-start=\"113\" data-end=\"129\">1. Tarkoitus<\/strong><\/p>\n<p data-start=\"131\" data-end=\"370\">T\u00e4m\u00e4 k\u00e4ytt\u00e4ytymiss\u00e4\u00e4nt\u00f6 ilmaisee arvomme ja vastuumme asiakkaita, ty\u00f6ntekij\u00f6it\u00e4, toimittajia ja yhteiskuntaa kohtaan. S\u00e4\u00e4nt\u00f6 toimii ohjenuorana p\u00e4ivitt\u00e4isess\u00e4 verkkokaupan toiminnassamme \u2013 rehellisyydess\u00e4, kunnioituksessa ja kest\u00e4vyydess\u00e4.<\/p>\n<hr data-start=\"372\" data-end=\"375\" \/>\n<p data-start=\"377\" data-end=\"402\"><strong data-start=\"377\" data-end=\"402\">2. Perusperiaatteemme<\/strong><\/p>\n<p data-start=\"404\" data-end=\"416\">Me seisomme:<\/p>\n<ul data-start=\"418\" data-end=\"619\">\n<li data-start=\"418\" data-end=\"475\">\n<p data-start=\"420\" data-end=\"475\">Rehellisyys ja avoimuus kaikissa liiketoimintasuhteissa<\/p>\n<\/li>\n<li data-start=\"476\" data-end=\"511\">\n<p data-start=\"478\" data-end=\"511\">Kunnioitus ihmisoikeuksia kohtaan<\/p>\n<\/li>\n<li data-start=\"512\" data-end=\"536\">\n<p data-start=\"514\" data-end=\"536\">Ymp\u00e4rist\u00f6vastuullisuus<\/p>\n<\/li>\n<li data-start=\"537\" data-end=\"578\">\n<p data-start=\"539\" data-end=\"578\">Turvalliset ja oikeudenmukaiset ty\u00f6olot<\/p>\n<\/li>\n<li data-start=\"579\" data-end=\"619\">\n<p data-start=\"581\" data-end=\"619\">Lakien ja s\u00e4\u00e4nt\u00f6jen noudattaminen aina<\/p>\n<\/li>\n<\/ul>\n<hr data-start=\"621\" data-end=\"624\" \/>\n<p data-start=\"626\" data-end=\"640\"><strong data-start=\"626\" data-end=\"640\">3. Arvomme<\/strong><\/p>\n<ul data-start=\"642\" data-end=\"922\">\n<li data-start=\"642\" data-end=\"723\">\n<p data-start=\"644\" data-end=\"723\"><strong data-start=\"644\" data-end=\"665\">Asiakaskeskeisyys<\/strong> \u2013 Asetamme asiakkaan tarpeet ja turvallisuuden etusijalle<\/p>\n<\/li>\n<li data-start=\"724\" data-end=\"791\">\n<p data-start=\"726\" data-end=\"791\"><strong data-start=\"726\" data-end=\"736\">Vastuu<\/strong> \u2013 Noudatamme lakeja ja otamme vastuun vaikutuksistamme<\/p>\n<\/li>\n<li data-start=\"792\" data-end=\"859\">\n<p data-start=\"794\" data-end=\"859\"><strong data-start=\"794\" data-end=\"807\">Luottamus<\/strong> \u2013 Olemme avoimia, rehellisi\u00e4 ja pid\u00e4mme lupauksemme<\/p>\n<\/li>\n<li data-start=\"860\" data-end=\"922\">\n<p data-start=\"862\" data-end=\"922\"><strong data-start=\"862\" data-end=\"876\">Innovaatio<\/strong> \u2013 Yksinkertaistamme, parannamme ja sopeudumme<\/p>\n<\/li>\n<\/ul>\n<hr data-start=\"924\" data-end=\"927\" \/>\n<p data-start=\"929\" data-end=\"974\"><strong data-start=\"929\" data-end=\"974\">4. Etiikka ja liiketoimintak\u00e4ytt\u00e4ytyminen<\/strong><\/p>\n<ul data-start=\"976\" data-end=\"1206\">\n<li data-start=\"976\" data-end=\"1047\">\n<p data-start=\"978\" data-end=\"1047\">Emme hyv\u00e4ksy lahjontaa, korruptiota tai ep\u00e4asiallista vaikutusvaltaa.<\/p>\n<\/li>\n<li data-start=\"1048\" data-end=\"1139\">\n<p data-start=\"1050\" data-end=\"1139\">Kilpailemme reilusti ja noudatamme kaikkia sovellettavia kilpailu- ja markkinointilakeja.<\/p>\n<\/li>\n<li data-start=\"1140\" data-end=\"1206\">\n<p data-start=\"1142\" data-end=\"1206\">Suojaamme luottamuksellista tietoa, mukaan lukien asiakastiedot.<\/p>\n<\/li>\n<\/ul>\n<hr data-start=\"1208\" data-end=\"1211\" \/>\n<p data-start=\"1213\" data-end=\"1250\"><strong data-start=\"1213\" data-end=\"1250\">5. Asiakaspalvelu ja markkinointi<\/strong><\/p>\n<ul data-start=\"1252\" data-end=\"1426\">\n<li data-start=\"1252\" data-end=\"1331\">\n<p data-start=\"1254\" data-end=\"1331\">Kommunikoimme selke\u00e4sti, rehellisesti ja ilman harhaanjohtavaa markkinointia.<\/p>\n<\/li>\n<li data-start=\"1332\" data-end=\"1426\">\n<p data-start=\"1334\" data-end=\"1426\">Kunnioitamme asiakkaidemme yksityisyytt\u00e4 ja k\u00e4sittelemme heid\u00e4n tietojaan GDPR:n mukaisesti.<\/p>\n<\/li>\n<\/ul>\n<hr data-start=\"1428\" data-end=\"1431\" \/>\n<p data-start=\"1433\" data-end=\"1464\"><strong data-start=\"1433\" data-end=\"1464\">6. Maksaminen ja tietosuoja<\/strong><\/p>\n<ul data-start=\"1466\" data-end=\"1761\">\n<li data-start=\"1466\" data-end=\"1585\">\n<p data-start=\"1468\" data-end=\"1585\">Teemme yhteisty\u00f6t\u00e4 luotettavien maksuratkaisujen (esim. Qliro) kanssa turvallisten maksutapahtumien k\u00e4sittelemiseksi.<\/p>\n<\/li>\n<li data-start=\"1586\" data-end=\"1672\">\n<p data-start=\"1588\" data-end=\"1672\">Suojaamme asiakastiedot korkealla IT-turvallisuudella, SSL:ll\u00e4 ja p\u00e4\u00e4synvalvonnalla.<\/p>\n<\/li>\n<li data-start=\"1673\" data-end=\"1761\">\n<p data-start=\"1675\" data-end=\"1761\">Kaikki henkil\u00f6tietojen k\u00e4sittely tapahtuu yksityisyysk\u00e4yt\u00e4nt\u00f6mme ja GDPR:n mukaisesti.<\/p>\n<\/li>\n<\/ul>\n<hr data-start=\"1763\" data-end=\"1766\" \/>\n<p data-start=\"1768\" data-end=\"1797\"><strong data-start=\"1768\" data-end=\"1797\">7. Ymp\u00e4rist\u00f6 ja kest\u00e4vyys<\/strong><\/p>\n<ul data-start=\"1799\" data-end=\"2186\">\n<li data-start=\"1799\" data-end=\"1844\">\n<p data-start=\"1801\" data-end=\"1844\">Pyrimme v\u00e4hent\u00e4m\u00e4\u00e4n ymp\u00e4rist\u00f6vaikutustamme.<\/p>\n<\/li>\n<li data-start=\"1845\" data-end=\"1960\">\n<p data-start=\"1847\" data-end=\"1960\">Noudatamme asiaankuuluvia ymp\u00e4rist\u00f6lakeja ja kannustamme kierr\u00e4tykseen, uudelleenk\u00e4ytt\u00f6\u00f6n ja energiatehokkuuteen.<\/p>\n<\/li>\n<li data-start=\"1961\" data-end=\"2017\">\n<p data-start=\"1963\" data-end=\"2017\">Pyrimme ymp\u00e4rist\u00f6yst\u00e4v\u00e4llisiin toimitusvaihtoehtoihin.<\/p>\n<\/li>\n<li data-start=\"2018\" data-end=\"2096\">\n<p data-start=\"2020\" data-end=\"2096\">Valitsemme ensisijaisesti toimittajia, jotka huomioivat ymp\u00e4rist\u00f6n\u00e4k\u00f6kohdat.<\/p>\n<\/li>\n<li data-start=\"2097\" data-end=\"2186\">\n<p data-start=\"2099\" data-end=\"2186\">V\u00e4henn\u00e4mme muovin k\u00e4ytt\u00f6\u00e4 ja valitsemme kierr\u00e4tett\u00e4vi\u00e4 pakkauksia aina kun mahdollista.<\/p>\n<\/li>\n<\/ul>\n<hr data-start=\"2188\" data-end=\"2191\" \/>\n<p data-start=\"2193\" data-end=\"2216\"><strong data-start=\"2193\" data-end=\"2216\">8. Toimittajavastuu<\/strong><\/p>\n<p data-start=\"2218\" data-end=\"2244\">Odotamme toimittajiltamme:<\/p>\n<ul data-start=\"2246\" data-end=\"2432\">\n<li data-start=\"2246\" data-end=\"2279\">\n<p data-start=\"2248\" data-end=\"2279\">Ihmisoikeuksien kunnioittamista<\/p>\n<\/li>\n<li data-start=\"2280\" data-end=\"2312\">\n<p data-start=\"2282\" data-end=\"2312\">Ty\u00f6lains\u00e4\u00e4d\u00e4nn\u00f6n noudattamista<\/p>\n<\/li>\n<li data-start=\"2313\" data-end=\"2367\">\n<p data-start=\"2315\" data-end=\"2367\">Tuotteiden valmistamista ilman lapsi- tai pakkoty\u00f6t\u00e4<\/p>\n<\/li>\n<li data-start=\"2368\" data-end=\"2432\">\n<p data-start=\"2370\" data-end=\"2432\">Aktiivista ty\u00f6t\u00e4 laadun, turvallisuuden ja kest\u00e4vyyden hyv\u00e4ksi<\/p>\n<\/li>\n<\/ul>\n<hr data-start=\"2434\" data-end=\"2437\" \/>\n<p data-start=\"2439\" data-end=\"2464\"><strong data-start=\"2439\" data-end=\"2464\">9. Sis\u00e4inen kulttuuri<\/strong><\/p>\n<ul data-start=\"2466\" data-end=\"2808\">\n<li data-start=\"2466\" data-end=\"2532\">\n<p data-start=\"2468\" data-end=\"2532\">Luomme osallistavan, turvallisen ja kunnioittavan ty\u00f6ymp\u00e4rist\u00f6n.<\/p>\n<\/li>\n<li data-start=\"2533\" data-end=\"2602\">\n<p data-start=\"2535\" data-end=\"2602\">Noudatamme lakis\u00e4\u00e4teisi\u00e4 s\u00e4\u00e4nt\u00f6j\u00e4 ty\u00f6ajoista, palkoista ja lomista.<\/p>\n<\/li>\n<li data-start=\"2603\" data-end=\"2655\">\n<p data-start=\"2605\" data-end=\"2655\">Syrjint\u00e4\u00e4, h\u00e4irint\u00e4\u00e4 tai kiusaamista ei hyv\u00e4ksyt\u00e4.<\/p>\n<\/li>\n<li data-start=\"2656\" data-end=\"2751\">\n<p data-start=\"2658\" data-end=\"2751\">Kaikkia ty\u00f6ntekij\u00f6it\u00e4 kannustetaan toimimaan vastuullisesti ja esitt\u00e4m\u00e4\u00e4n parannusehdotuksia.<\/p>\n<\/li>\n<li data-start=\"2752\" data-end=\"2808\">\n<p data-start=\"2754\" data-end=\"2808\">Lapsity\u00f6voimaa, pakkoty\u00f6t\u00e4 tai h\u00e4irint\u00e4\u00e4 ei hyv\u00e4ksyt\u00e4.<\/p>\n<\/li>\n<\/ul>\n<hr data-start=\"2810\" data-end=\"2813\" \/>\n<p data-start=\"2815\" data-end=\"2848\"><strong data-start=\"2815\" data-end=\"2848\">10. Ilmoittaminen ja seuranta<\/strong><\/p>\n<p data-start=\"2850\" data-end=\"3034\">Ep\u00e4iletk\u00f6 s\u00e4\u00e4nt\u00f6jen rikkomista? Ilmoita siit\u00e4 sis\u00e4isesti tai nimett\u00f6m\u00e4sti. Suojelemme ilmoittajia ja otamme kaikki ilmoitukset vakavasti. S\u00e4\u00e4nn\u00f6llinen seuranta varmistaa noudattamisen.<\/p>\n<hr data-start=\"3036\" data-end=\"3039\" \/>\n<p data-start=\"3041\" data-end=\"3074\"><strong data-start=\"3041\" data-end=\"3074\">11. Noudattaminen ja seuranta<\/strong><\/p>\n<p data-start=\"3076\" data-end=\"3222\">Seuraamme s\u00e4\u00e4nn\u00f6llisesti, ett\u00e4 k\u00e4ytt\u00e4ytymiss\u00e4\u00e4nt\u00f6\u00e4 noudatetaan, ja pid\u00e4t\u00e4mme oikeuden keskeytt\u00e4\u00e4 yhteisty\u00f6t vakavien s\u00e4\u00e4nt\u00f6jen rikkomusten vuoksi.<\/p>\n\n","protected":false},"excerpt":{"rendered":"","protected":false},"author":2038,"featured_media":0,"parent":0,"menu_order":0,"comment_status":"closed","ping_status":"closed","template":"","meta":{"footnotes":""},"class_list":["post-179386","page","type-page","status-publish","hentry"],"yoast_head":"<!-- This site is optimized with the Yoast SEO plugin v27.5 - https:\/\/yoast.com\/product\/yoast-seo-wordpress\/ -->\n<title>K\u00e4ytt\u00e4ytymiss\u00e4\u00e4n\u00f6t - iMagen<\/title>\n<meta name=\"robots\" content=\"index, follow, max-snippet:-1, max-image-preview:large, max-video-preview:-1\" \/>\n<link rel=\"canonical\" href=\"https:\/\/imagen.se\/fi\/kayttaytymissaanot\/\" \/>\n<meta property=\"og:locale\" content=\"fi_FI\" \/>\n<meta property=\"og:type\" content=\"article\" \/>\n<meta property=\"og:title\" content=\"K\u00e4ytt\u00e4ytymiss\u00e4\u00e4n\u00f6t - iMagen\" \/>\n<meta property=\"og:url\" content=\"https:\/\/imagen.se\/fi\/kayttaytymissaanot\/\" \/>\n<meta property=\"og:site_name\" content=\"iMagen\" \/>\n<meta property=\"article:modified_time\" content=\"2025-05-29T11:59:06+00:00\" \/>\n<meta name=\"twitter:card\" content=\"summary_large_image\" \/>\n<script type=\"application\/ld+json\" class=\"yoast-schema-graph\">{\"@context\":\"https:\\\/\\\/schema.org\",\"@graph\":[{\"@type\":\"WebPage\",\"@id\":\"https:\\\/\\\/imagen.se\\\/fi\\\/kayttaytymissaanot\\\/\",\"url\":\"https:\\\/\\\/imagen.se\\\/fi\\\/kayttaytymissaanot\\\/\",\"name\":\"K\u00e4ytt\u00e4ytymiss\u00e4\u00e4n\u00f6t - iMagen\",\"isPartOf\":{\"@id\":\"https:\\\/\\\/imagen.se\\\/#website\"},\"datePublished\":\"2025-05-29T11:59:04+00:00\",\"dateModified\":\"2025-05-29T11:59:06+00:00\",\"breadcrumb\":{\"@id\":\"https:\\\/\\\/imagen.se\\\/fi\\\/kayttaytymissaanot\\\/#breadcrumb\"},\"inLanguage\":\"fi\",\"potentialAction\":[{\"@type\":\"ReadAction\",\"target\":[\"https:\\\/\\\/imagen.se\\\/fi\\\/kayttaytymissaanot\\\/\"]}]},{\"@type\":\"BreadcrumbList\",\"@id\":\"https:\\\/\\\/imagen.se\\\/fi\\\/kayttaytymissaanot\\\/#breadcrumb\",\"itemListElement\":[{\"@type\":\"ListItem\",\"position\":1,\"name\":\"Hem\",\"item\":\"https:\\\/\\\/imagen.se\\\/fi\\\/\"},{\"@type\":\"ListItem\",\"position\":2,\"name\":\"K\u00e4ytt\u00e4ytymiss\u00e4\u00e4n\u00f6t\"}]},{\"@type\":\"WebSite\",\"@id\":\"https:\\\/\\\/imagen.se\\\/#website\",\"url\":\"https:\\\/\\\/imagen.se\\\/\",\"name\":\"iMagen\",\"description\":\"V\u00e4lkommen till iMagen AB!\",\"publisher\":{\"@id\":\"https:\\\/\\\/imagen.se\\\/#organization\"},\"potentialAction\":[{\"@type\":\"SearchAction\",\"target\":{\"@type\":\"EntryPoint\",\"urlTemplate\":\"https:\\\/\\\/imagen.se\\\/?s={search_term_string}\"},\"query-input\":{\"@type\":\"PropertyValueSpecification\",\"valueRequired\":true,\"valueName\":\"search_term_string\"}}],\"inLanguage\":\"fi\"},{\"@type\":\"Organization\",\"@id\":\"https:\\\/\\\/imagen.se\\\/#organization\",\"name\":\"iMagen\",\"url\":\"https:\\\/\\\/imagen.se\\\/\",\"logo\":{\"@type\":\"ImageObject\",\"inLanguage\":\"fi\",\"@id\":\"https:\\\/\\\/imagen.se\\\/#\\\/schema\\\/logo\\\/image\\\/\",\"url\":\"https:\\\/\\\/imagen.se\\\/wp-content\\\/uploads\\\/2019\\\/11\\\/imagenlogo.png\",\"contentUrl\":\"https:\\\/\\\/imagen.se\\\/wp-content\\\/uploads\\\/2019\\\/11\\\/imagenlogo.png\",\"width\":313,\"height\":102,\"caption\":\"iMagen\"},\"image\":{\"@id\":\"https:\\\/\\\/imagen.se\\\/#\\\/schema\\\/logo\\\/image\\\/\"}}]}<\/script>\n<!-- \/ Yoast SEO plugin. -->","yoast_head_json":{"title":"K\u00e4ytt\u00e4ytymiss\u00e4\u00e4n\u00f6t - iMagen","robots":{"index":"index","follow":"follow","max-snippet":"max-snippet:-1","max-image-preview":"max-image-preview:large","max-video-preview":"max-video-preview:-1"},"canonical":"https:\/\/imagen.se\/fi\/kayttaytymissaanot\/","og_locale":"fi_FI","og_type":"article","og_title":"K\u00e4ytt\u00e4ytymiss\u00e4\u00e4n\u00f6t - iMagen","og_url":"https:\/\/imagen.se\/fi\/kayttaytymissaanot\/","og_site_name":"iMagen","article_modified_time":"2025-05-29T11:59:06+00:00","twitter_card":"summary_large_image","schema":{"@context":"https:\/\/schema.org","@graph":[{"@type":"WebPage","@id":"https:\/\/imagen.se\/fi\/kayttaytymissaanot\/","url":"https:\/\/imagen.se\/fi\/kayttaytymissaanot\/","name":"K\u00e4ytt\u00e4ytymiss\u00e4\u00e4n\u00f6t - iMagen","isPartOf":{"@id":"https:\/\/imagen.se\/#website"},"datePublished":"2025-05-29T11:59:04+00:00","dateModified":"2025-05-29T11:59:06+00:00","breadcrumb":{"@id":"https:\/\/imagen.se\/fi\/kayttaytymissaanot\/#breadcrumb"},"inLanguage":"fi","potentialAction":[{"@type":"ReadAction","target":["https:\/\/imagen.se\/fi\/kayttaytymissaanot\/"]}]},{"@type":"BreadcrumbList","@id":"https:\/\/imagen.se\/fi\/kayttaytymissaanot\/#breadcrumb","itemListElement":[{"@type":"ListItem","position":1,"name":"Hem","item":"https:\/\/imagen.se\/fi\/"},{"@type":"ListItem","position":2,"name":"K\u00e4ytt\u00e4ytymiss\u00e4\u00e4n\u00f6t"}]},{"@type":"WebSite","@id":"https:\/\/imagen.se\/#website","url":"https:\/\/imagen.se\/","name":"iMagen","description":"V\u00e4lkommen till iMagen AB!","publisher":{"@id":"https:\/\/imagen.se\/#organization"},"potentialAction":[{"@type":"SearchAction","target":{"@type":"EntryPoint","urlTemplate":"https:\/\/imagen.se\/?s={search_term_string}"},"query-input":{"@type":"PropertyValueSpecification","valueRequired":true,"valueName":"search_term_string"}}],"inLanguage":"fi"},{"@type":"Organization","@id":"https:\/\/imagen.se\/#organization","name":"iMagen","url":"https:\/\/imagen.se\/","logo":{"@type":"ImageObject","inLanguage":"fi","@id":"https:\/\/imagen.se\/#\/schema\/logo\/image\/","url":"https:\/\/imagen.se\/wp-content\/uploads\/2019\/11\/imagenlogo.png","contentUrl":"https:\/\/imagen.se\/wp-content\/uploads\/2019\/11\/imagenlogo.png","width":313,"height":102,"caption":"iMagen"},"image":{"@id":"https:\/\/imagen.se\/#\/schema\/logo\/image\/"}}]}},"_links":{"self":[{"href":"https:\/\/imagen.se\/fi\/wp-json\/wp\/v2\/pages\/179386","targetHints":{"allow":["GET"]}}],"collection":[{"href":"https:\/\/imagen.se\/fi\/wp-json\/wp\/v2\/pages"}],"about":[{"href":"https:\/\/imagen.se\/fi\/wp-json\/wp\/v2\/types\/page"}],"author":[{"embeddable":true,"href":"https:\/\/imagen.se\/fi\/wp-json\/wp\/v2\/users\/2038"}],"replies":[{"embeddable":true,"href":"https:\/\/imagen.se\/fi\/wp-json\/wp\/v2\/comments?post=179386"}],"version-history":[{"count":0,"href":"https:\/\/imagen.se\/fi\/wp-json\/wp\/v2\/pages\/179386\/revisions"}],"wp:attachment":[{"href":"https:\/\/imagen.se\/fi\/wp-json\/wp\/v2\/media?parent=179386"}],"curies":[{"name":"wp","href":"https:\/\/api.w.org\/{rel}","templated":true}]}}